{"id":11163,"date":"2016-03-10T10:03:40","date_gmt":"2016-03-10T09:03:40","guid":{"rendered":"https:\/\/ruigrok.100test.nlnos-racines\/"},"modified":"2024-06-17T10:24:53","modified_gmt":"2024-06-17T08:24:53","slug":"nos-racines","status":"publish","type":"page","link":"https:\/\/ruigrokflowerbulbs.com\/fr\/nos-racines\/","title":{"rendered":"Nos racines"},"content":{"rendered":"<div class=\"wpb-content-wrapper\">[vc_row][vc_column]<div class=\"vcex-spacing wpex-w-100 wpex-clear\"><\/div>[\/vc_column][\/vc_row][vc_section][vc_row][vc_column width=\u00a0\u00bb1\/2&Prime;]<style>.vcex-heading.vcex_69ef74be2009a{color:#8cc63e;}<\/style><h2 class=\"vcex-heading vcex-heading-plain vcex-module wpex-heading wpex-text-2xl vcex_69ef74be2009a\"><span class=\"vcex-heading-inner wpex-inline-block\">1880<\/span><\/h2><div class=\"vcex-spacing wpex-w-100 wpex-clear\"><\/div>[vc_column_text]Willem Ruigrok a commenc\u00e9 \u00e0 cultiver des fruits et des l\u00e9gumes \u00e0 De Zilk, aux Pays-Bas, dans ce qui devenait le c\u0153ur de la r\u00e9gion n\u00e9erlandais des bulbes \u00e0 fleurs. Dans cet m\u00eame \u00e9poque, il a \u00e9galement ouvert une petite p\u00e9pini\u00e8re de bulbes \u00e0 fleurs.[\/vc_column_text][\/vc_column][vc_column width=\u00a0\u00bb1\/2&Prime;]<style>.vcex-heading.vcex_69ef74be228f6{color:#8cc63e;}<\/style><h2 class=\"vcex-heading vcex-heading-plain vcex-module wpex-heading wpex-text-2xl vcex_69ef74be228f6\"><span class=\"vcex-heading-inner wpex-inline-block\">1910<\/span><\/h2><div class=\"vcex-spacing wpex-w-100 wpex-clear\"><\/div>[vc_column_text]Inspir\u00e9 par le travail de son p\u00e8re, \u00e0 l&rsquo;\u00e2ge de 20 ans, Carolus (C.J.) Ruigrok, le fils de Willem, a \u00e9galement lanc\u00e9 sa propre entreprise des bulbes \u00e0 fleurs. Ensemble, les deux ont construit le premier entrep\u00f4t pour stocker et traiter leurs bulbes. Cet entrep\u00f4t \u00e9tait diff\u00e9rent de ceux pour l\u00e9gumes, car il avait des portes ouvrantes de tous les c\u00f4t\u00e9s pour une circulation optimale de l&rsquo;air, une id\u00e9e tr\u00e8s moderne \u00e0 l&rsquo;\u00e9poque. Carolus a commenc\u00e9 aussit\u00f4t \u00e0 exporter ses produits en Europe.[\/vc_column_text][\/vc_column][\/vc_row][vc_row][vc_column]<figure class=\"vcex-image vcex-module\"><div class=\"vcex-image-inner wpex-relative wpex-inline-block\"><img width=\"1100\" height=\"350\" src=\"https:\/\/ruigrokflowerbulbs.com\/wp-content\/uploads\/2020\/04\/2_History_RuigrokFlowerbulbs.png\" class=\"vcex-image-img wpex-align-middle\" alt=\"History\" loading=\"lazy\" decoding=\"async\" srcset=\"https:\/\/ruigrokflowerbulbs.com\/wp-content\/uploads\/2020\/04\/2_History_RuigrokFlowerbulbs.png 1100w, https:\/\/ruigrokflowerbulbs.com\/wp-content\/uploads\/2020\/04\/2_History_RuigrokFlowerbulbs-300x95.png 300w, https:\/\/ruigrokflowerbulbs.com\/wp-content\/uploads\/2020\/04\/2_History_RuigrokFlowerbulbs-1024x326.png 1024w, https:\/\/ruigrokflowerbulbs.com\/wp-content\/uploads\/2020\/04\/2_History_RuigrokFlowerbulbs-768x244.png 768w, https:\/\/ruigrokflowerbulbs.com\/wp-content\/uploads\/2020\/04\/2_History_RuigrokFlowerbulbs-600x191.png 600w\" sizes=\"auto, (max-width: 1100px) 100vw, 1100px\" \/><\/div><\/figure>[\/vc_column][\/vc_row][vc_row][vc_column]<div class=\"vcex-spacing wpex-w-100 wpex-clear hidden-phone\"><\/div>[\/vc_column][\/vc_row][vc_row][vc_column width=\u00a0\u00bb1\/2&Prime;]<style>.vcex-heading.vcex_69ef74be295c0{color:#8cc63e;}<\/style><h2 class=\"vcex-heading vcex-heading-plain vcex-module wpex-heading wpex-text-2xl vcex_69ef74be295c0\"><span class=\"vcex-heading-inner wpex-inline-block\">1946<\/span><\/h2><div class=\"vcex-spacing wpex-w-100 wpex-clear\"><\/div>[vc_column_text]L&rsquo;\u00e9conomie europ\u00e9enne \u00e9tant paralys\u00e9e par les ann\u00e9es de guerre, les jeunes commencent \u00e0 \u00e9migrer aux \u00c9tats-Unis \u00e0 la recherche de nouvelles opportunit\u00e9s. Au printemps 1946, C.J. Ruigrok a envoy\u00e9 son fils Simon, 19 ans, en Am\u00e9rique pour d\u00e9velopper un march\u00e9 am\u00e9ricain et avant peu les premiers bulbes \u00e0 fleurs ont \u00e9t\u00e9 export\u00e9s vers l&rsquo;Am\u00e9rique. Simon a ainsi voyag\u00e9 aux \u00c9tats-Unis et au Canada pendant plus de 50 ans.[\/vc_column_text]<div class=\"vcex-spacing wpex-w-100 wpex-clear hidden-phone\" style=\"height:60px;\"><\/div><div class=\"vcex-spacing wpex-w-100 wpex-clear visible-phone\"><\/div><style>.vcex-heading.vcex_69ef74be2ba85{color:#8cc63e;}<\/style><h2 class=\"vcex-heading vcex-heading-plain vcex-module wpex-heading wpex-text-2xl vcex_69ef74be2ba85\"><span class=\"vcex-heading-inner wpex-inline-block\">1948<\/span><\/h2><div class=\"vcex-spacing wpex-w-100 wpex-clear\"><\/div>[vc_column_text]Simon est devenu associ\u00e9 dans l&rsquo;entreprise et a \u00e9t\u00e9 rejoint plus tard par ses deux fr\u00e8res Anton et Cor. \u00c0 cette \u00e9poque, le nom de l&rsquo;entreprise a \u00e9t\u00e9 chang\u00e9 pour C.J.Ruigrok &amp; Zonen (Fils). Ils ont \u00e9galement fond\u00e9 une nouvelle soci\u00e9t\u00e9 aux \u00c9tats-Unis, appel\u00e9e Ruigrok Bulbs Inc. Il s&rsquo;agissait initialement d&rsquo;un petit centre de distribution \u00e0 Wyckoff, New Jersey.[\/vc_column_text][\/vc_column][vc_column width=\u00a0\u00bb1\/2&Prime;][vc_single_image image=\u00a0\u00bb11206&Prime; onclick=\u00a0\u00bblink_image\u00a0\u00bb lightbox_custom_img=\u00a0\u00bb7911&Prime;][\/vc_column][\/vc_row][vc_row][vc_column]<div class=\"vcex-spacing wpex-w-100 wpex-clear hidden-phone\"><\/div>[\/vc_column][\/vc_row][vc_row][vc_column width=\u00a0\u00bb1\/3&Prime;]<style>.vcex-heading.vcex_69ef74be2dabc{color:#8cc63e;}<\/style><h2 class=\"vcex-heading vcex-heading-plain vcex-module wpex-heading wpex-text-2xl vcex_69ef74be2dabc\"><span class=\"vcex-heading-inner wpex-inline-block\">1978<\/span><\/h2><div class=\"vcex-spacing wpex-w-100 wpex-clear\"><\/div>[vc_column_text]Ruigrok Bulbs a achet\u00e9 deux grossistes de bulbes a fleurs locaux, DeGroot Bulb Company et George Alkemade Inc, formant aujourd&rsquo;hui A.D.R. Bulbs, Inc. D\u00e9sormais \u00e0 la recherche de quelqu&rsquo;un pour g\u00e9rer son entreprise am\u00e9ricaine en pleine croissance, Simon s&rsquo;est tourn\u00e9 vers son jeune cousin, Walter, qui a accept\u00e9 de s&rsquo;installer d\u00e9finitivement aux \u00c9tats-Unis pour devenir le manager de A.D.R.[\/vc_column_text][\/vc_column][vc_column width=\u00a0\u00bb1\/3&Prime;]<style>.vcex-heading.vcex_69ef74be2f6bb{color:#8cc63e;}<\/style><h2 class=\"vcex-heading vcex-heading-plain vcex-module wpex-heading wpex-text-2xl vcex_69ef74be2f6bb\"><span class=\"vcex-heading-inner wpex-inline-block\">1985<\/span><\/h2><div class=\"vcex-spacing wpex-w-100 wpex-clear\"><\/div>[vc_column_text]Conform\u00e9ment \u00e0 la tradition familiale, Simon Jr. est devenu partenaire de C.J. Ruigrok and Sons \u00e0 l&rsquo;\u00e2ge de 21 ans. Simon a \u00e9galement commenc\u00e9 \u00e0 voyager en New-England pour A.D.R Bulbs. A cette \u00e9poque, ses oncles Anton et Cor se sont retir\u00e9s de l&rsquo;entreprise. 1985 a \u00e9galement marqu\u00e9 notre 75e anniversaire.[\/vc_column_text][\/vc_column][vc_column width=\u00a0\u00bb1\/3&Prime;]<style>.vcex-heading.vcex_69ef74be312b9{color:#8cc63e;}<\/style><h2 class=\"vcex-heading vcex-heading-plain vcex-module wpex-heading wpex-text-2xl vcex_69ef74be312b9\"><span class=\"vcex-heading-inner wpex-inline-block\">2005<\/span><\/h2><div class=\"vcex-spacing wpex-w-100 wpex-clear\"><\/div>[vc_column_text]Le fils de Walter, Chris, a rejoint A.D.R en tant que commercial, devenant la 4\u00e8me g\u00e9n\u00e9ration de la famille Ruigrok impliqu\u00e9e dans A.D.R Bulbs. A.D.R. a d\u00e9m\u00e9nag\u00e9 dans une nouvelle b\u00e2tisse, un entrep\u00f4t de 33 000 pieds carr\u00e9s avec des installations modernes, de stockage et de refroidissement \u00e0 Chester, New York.[\/vc_column_text][\/vc_column][\/vc_row][vc_row columns_right=\u00a0\u00bbyes\u00a0\u00bb][vc_column]<figure class=\"vcex-image vcex-module\"><div class=\"vcex-image-inner wpex-relative wpex-inline-block\"><img width=\"1100\" height=\"350\" src=\"https:\/\/ruigrokflowerbulbs.com\/wp-content\/uploads\/2020\/04\/5_History_RuigrokFlowerbulbs.png\" class=\"vcex-image-img wpex-align-middle\" alt=\"\" loading=\"lazy\" decoding=\"async\" srcset=\"https:\/\/ruigrokflowerbulbs.com\/wp-content\/uploads\/2020\/04\/5_History_RuigrokFlowerbulbs.png 1100w, https:\/\/ruigrokflowerbulbs.com\/wp-content\/uploads\/2020\/04\/5_History_RuigrokFlowerbulbs-300x95.png 300w, https:\/\/ruigrokflowerbulbs.com\/wp-content\/uploads\/2020\/04\/5_History_RuigrokFlowerbulbs-1024x326.png 1024w, https:\/\/ruigrokflowerbulbs.com\/wp-content\/uploads\/2020\/04\/5_History_RuigrokFlowerbulbs-768x244.png 768w, https:\/\/ruigrokflowerbulbs.com\/wp-content\/uploads\/2020\/04\/5_History_RuigrokFlowerbulbs-600x191.png 600w\" sizes=\"auto, (max-width: 1100px) 100vw, 1100px\" \/><\/div><\/figure>[\/vc_column][\/vc_row][vc_row][vc_column]<div class=\"vcex-spacing wpex-w-100 wpex-clear hidden-phone\"><\/div>[\/vc_column][\/vc_row][vc_row][vc_column width=\u00a0\u00bb1\/2&Prime;]<style>.vcex-heading.vcex_69ef74be352cb{color:#8cc63e;}<\/style><h2 class=\"vcex-heading vcex-heading-plain vcex-module wpex-heading wpex-text-2xl vcex_69ef74be352cb\"><span class=\"vcex-heading-inner wpex-inline-block\">2018<\/span><\/h2><div class=\"vcex-spacing wpex-w-100 wpex-clear\"><\/div>[vc_column_text]Selon la tradition Ruigrok, le fils a\u00een\u00e9 de Simon, Carlo Ruigrok, a rejoint l&rsquo;entreprise familiale \u00e0 l&rsquo;\u00e2ge de 22 ans, marquant la 6e g\u00e9n\u00e9ration de Ruigroks. Carlo est dipl\u00f4m\u00e9 de la HAS University de Sciences appliqu\u00e9es en horticulture. Comme son p\u00e8re, il a \u00e9galement commenc\u00e9 \u00e0 voyager en New-England pour A.D.R. Bulbs.<\/p>\n<p>Dans le cadre du d\u00e9veloppement durable nous avons install\u00e9s 2.600 panneaux solaires sur le toiture de nos entrep\u00f4ts qui produisent annuellement 7,5 m\u00e9ga watts d&rsquo;\u00e9lectricit\u00e9.[\/vc_column_text][\/vc_column][vc_column width=\u00a0\u00bb1\/2&Prime;]<style>.vcex-heading.vcex_69ef74be36ee3{color:#8cc63e;}<\/style><h2 class=\"vcex-heading vcex-heading-plain vcex-module wpex-heading wpex-text-2xl vcex_69ef74be36ee3\"><span class=\"vcex-heading-inner wpex-inline-block\">2019<\/span><\/h2><div class=\"vcex-spacing wpex-w-100 wpex-clear\"><\/div>[vc_column_text]L\u2019International Bulb Company \u00e0 Montvale NJ, devient partenaire avec notre entreprise. Nous entretenions d\u00e9j\u00e0 une longue relation avec L\u2019International Bulb Company depuis de nombreuses ann\u00e9es et les deux parties renforcent encore notre pr\u00e9sence de leader sur le march\u00e9 dans le Nord-Est.[\/vc_column_text][\/vc_column][\/vc_row][vc_row columns_right=\u00a0\u00bbyes\u00a0\u00bb][vc_column]<figure class=\"vcex-image vcex-module\"><div class=\"vcex-image-inner wpex-relative wpex-inline-block\"><img width=\"1100\" height=\"350\" src=\"https:\/\/ruigrokflowerbulbs.com\/wp-content\/uploads\/2020\/04\/6_History_RuigrokFlowerbulbs.png\" class=\"vcex-image-img wpex-align-middle\" alt=\"Ruigrok Flowerbulbs\" loading=\"lazy\" decoding=\"async\" srcset=\"https:\/\/ruigrokflowerbulbs.com\/wp-content\/uploads\/2020\/04\/6_History_RuigrokFlowerbulbs.png 1100w, https:\/\/ruigrokflowerbulbs.com\/wp-content\/uploads\/2020\/04\/6_History_RuigrokFlowerbulbs-300x95.png 300w, https:\/\/ruigrokflowerbulbs.com\/wp-content\/uploads\/2020\/04\/6_History_RuigrokFlowerbulbs-1024x326.png 1024w, https:\/\/ruigrokflowerbulbs.com\/wp-content\/uploads\/2020\/04\/6_History_RuigrokFlowerbulbs-768x244.png 768w, https:\/\/ruigrokflowerbulbs.com\/wp-content\/uploads\/2020\/04\/6_History_RuigrokFlowerbulbs-600x191.png 600w\" sizes=\"auto, (max-width: 1100px) 100vw, 1100px\" \/><\/div><\/figure>[\/vc_column][\/vc_row][vc_row][vc_column]<div class=\"vcex-spacing wpex-w-100 wpex-clear hidden-phone\"><\/div>[\/vc_column][\/vc_row][vc_row][vc_column width=\u00a0\u00bb1\/2&Prime;]<style>.vcex-heading.vcex_69ef74be3adcc{color:#8cc63e;}<\/style><h2 class=\"vcex-heading vcex-heading-plain vcex-module wpex-heading wpex-text-2xl vcex_69ef74be3adcc\"><span class=\"vcex-heading-inner wpex-inline-block\">2020<\/span><\/h2><div class=\"vcex-spacing wpex-w-100 wpex-clear\"><\/div>[vc_column_text]Un entrep\u00f4t suppl\u00e9mentaire a \u00e9t\u00e9 acquis \u00e0 Hillegom. Le nouvel entrep\u00f4t sera utilis\u00e9 pour le stockage de nos mati\u00e8re de plantation et nous aidera \u00e0 d\u00e9velopper notre culture de crocus, jacinthes, jonquilles et tulipes sur plus de 300 acres. Aujourd&rsquo;hui, Ruigrok Flowerbulbs est l&rsquo;un des plus grands producteurs et exportateurs de bulbes \u00e0 fleurs en Hollande, restant une entreprise familiale. Nous utilisons uniquement l&rsquo;\u00e9quipement le plus moderne de l&rsquo;industrie pour r\u00e9colter et stocker nos bulbes de haute qualit\u00e9 de mani\u00e8re optimis\u00e9e. Cela nous permet d&rsquo;offrir des bulbes de la plus haute qualit\u00e9 contre des prix comp\u00e9titifs aux \u00c9tats-Unis et au Canada.[\/vc_column_text]<div class=\"vcex-spacing wpex-w-100 wpex-clear hidden-phone\" style=\"height:60px;\"><\/div>[\/vc_column][vc_column width=\u00a0\u00bb1\/2&Prime;]<figure class=\"vcex-image vcex-module\"><div class=\"vcex-image-inner wpex-relative wpex-inline-block\"><img width=\"575\" height=\"383\" src=\"https:\/\/ruigrokflowerbulbs.com\/wp-content\/uploads\/2020\/04\/11_Our_bulb_farm_Ruigrok_Flowerbulbs.png\" class=\"vcex-image-img wpex-align-middle\" alt=\"Our bulb farm | Ruigrok Flowerbulbs\" loading=\"lazy\" decoding=\"async\" srcset=\"https:\/\/ruigrokflowerbulbs.com\/wp-content\/uploads\/2020\/04\/11_Our_bulb_farm_Ruigrok_Flowerbulbs.png 575w, https:\/\/ruigrokflowerbulbs.com\/wp-content\/uploads\/2020\/04\/11_Our_bulb_farm_Ruigrok_Flowerbulbs-300x200.png 300w\" sizes=\"auto, (max-width: 575px) 100vw, 575px\" \/><\/div><\/figure>[\/vc_column][\/vc_row][\/vc_section][vc_row][vc_column width=\u00a0\u00bb1\/2&Prime;]<style>.vcex-heading.vcex_69ef74be3ecd0{color:#8cc63e;}<\/style><h2 class=\"vcex-heading vcex-heading-plain vcex-module wpex-heading wpex-text-2xl vcex_69ef74be3ecd0\"><span class=\"vcex-heading-inner wpex-inline-block\">2021<\/span><\/h2><div class=\"vcex-spacing wpex-w-100 wpex-clear\"><\/div>[vc_column_text css=\u00a0\u00bb\u00a0\u00bb]En 2021, notre fille cadette Romy a cr\u00e9\u00e9 le jardin d&rsquo;exposition <a href=\"https:\/\/thetulipbarn.com\/\" target=\"_blank\" rel=\"noopener\">The Tulip Barn<\/a> dans la ville voisine de Hillegom pour compl\u00e9ter notre entreprise familiale. Un v\u00e9ritable paradis Instagram o\u00f9 les touristes et les habitants sont accueillis dans nos champs et se prom\u00e8nent sur la pointe des pieds parmi les tulipes. En 2024, nous avons accueilli plus de 50 000 visiteurs pour admirer des millions de tulipes en fleurs et prendre la photo parfaite parmi les fleurs. La grange aux tulipes sert \u00e0 la fois de gigantesque jardin d&rsquo;essai pour les nouvelles vari\u00e9t\u00e9s et les m\u00e9langes de bulbes.[\/vc_column_text][\/vc_column][vc_column width=\u00a0\u00bb1\/2&Prime;]<style>.vcex-heading.vcex_69ef74be408c3{color:#8cc63e;}<\/style><h2 class=\"vcex-heading vcex-heading-plain vcex-module wpex-heading wpex-text-2xl vcex_69ef74be408c3\"><span class=\"vcex-heading-inner wpex-inline-block\">2022<\/span><\/h2><div class=\"vcex-spacing wpex-w-100 wpex-clear\"><\/div>[vc_column_text css=\u00a0\u00bb\u00a0\u00bb]\u00c0 la fin de ses \u00e9tudes universitaires, Philip a rejoint l&rsquo;entreprise familiale. Philip travaille aujourd&rsquo;hui \u00e0 plein temps avec Ruigrok, se rend aux \u00c9tats-Unis pour ADR Bulbs et se charge de d\u00e9velopper la durabilit\u00e9 de notre entreprise.[\/vc_column_text][\/vc_column][\/vc_row]\n<\/div>","protected":false},"excerpt":{"rendered":"<p>[vc_row][vc_column][\/vc_column][\/vc_row][vc_section][vc_row][vc_column width=\u00a0\u00bb1\/2&Prime;][vc_column_text]Willem Ruigrok a commenc\u00e9 \u00e0 cultiver des fruits et des l\u00e9gumes \u00e0 De Zilk, aux Pays-Bas, dans ce qui devenait le c\u0153ur de la r\u00e9gion n\u00e9erlandais des bulbes \u00e0 fleurs. Dans cet m\u00eame \u00e9poque, il a \u00e9galement ouvert une petite p\u00e9pini\u00e8re de bulbes \u00e0 fleurs.[\/vc_column_text][\/vc_column][vc_column width=\u00a0\u00bb1\/2&Prime;][vc_column_text]Inspir\u00e9 par le travail de son p\u00e8re, \u00e0 l&rsquo;\u00e2ge&hellip;<\/p>\n","protected":false},"author":5530,"featured_media":0,"parent":0,"menu_order":0,"comment_status":"closed","ping_status":"closed","template":"","meta":{"_acf_changed":false,"inline_featured_image":false,"footnotes":""},"class_list":["post-11163","page","type-page","status-publish","hentry","entry","no-media"],"acf":[],"yoast_head":"<!-- This site is optimized with the Yoast SEO plugin v27.2 - https:\/\/yoast.com\/product\/yoast-seo-wordpress\/ -->\n<title>Notre histoire: des experts depuis 6 g\u00e9n\u00e9rations | Ruigrok Flowerbulbs<\/title>\n<meta name=\"description\" content=\"Ruigrok Flowerbulbs est l&#039;un des plus grands producteurs et exportateurs de bulbes \u00e0 fleurs en Hollande. Nous exp\u00e9dions nos ampoules partout aux \u00c9tats-Unis, au Canada et en Europe.\" \/>\n<meta name=\"robots\" content=\"index, follow, max-snippet:-1, max-image-preview:large, max-video-preview:-1\" \/>\n<link rel=\"canonical\" href=\"https:\/\/ruigrokflowerbulbs.com\/fr\/nos-racines\/\" \/>\n<meta property=\"og:locale\" content=\"fr_FR\" \/>\n<meta property=\"og:type\" content=\"article\" \/>\n<meta property=\"og:title\" content=\"Notre histoire: des experts depuis 6 g\u00e9n\u00e9rations | Ruigrok Flowerbulbs\" \/>\n<meta property=\"og:description\" content=\"Ruigrok Flowerbulbs est l&#039;un des plus grands producteurs et exportateurs de bulbes \u00e0 fleurs en Hollande. Nous exp\u00e9dions nos ampoules partout aux \u00c9tats-Unis, au Canada et en Europe.\" \/>\n<meta property=\"og:url\" content=\"https:\/\/ruigrokflowerbulbs.com\/fr\/nos-racines\/\" \/>\n<meta property=\"og:site_name\" content=\"Ruigrok Flowerbulbs\" \/>\n<meta property=\"article:modified_time\" content=\"2024-06-17T08:24:53+00:00\" \/>\n<meta name=\"twitter:card\" content=\"summary_large_image\" \/>\n<meta name=\"twitter:label1\" content=\"Dur\u00e9e de lecture estim\u00e9e\" \/>\n\t<meta name=\"twitter:data1\" content=\"5 minutes\" \/>\n<script type=\"application\/ld+json\" class=\"yoast-schema-graph\">{\"@context\":\"https:\/\/schema.org\",\"@graph\":[{\"@type\":\"WebPage\",\"@id\":\"https:\/\/ruigrokflowerbulbs.com\/fr\/nos-racines\/\",\"url\":\"https:\/\/ruigrokflowerbulbs.com\/fr\/nos-racines\/\",\"name\":\"Notre histoire: des experts depuis 6 g\u00e9n\u00e9rations | Ruigrok Flowerbulbs\",\"isPartOf\":{\"@id\":\"https:\/\/ruigrokflowerbulbs.com\/fr\/#website\"},\"datePublished\":\"2016-03-10T09:03:40+00:00\",\"dateModified\":\"2024-06-17T08:24:53+00:00\",\"description\":\"Ruigrok Flowerbulbs est l'un des plus grands producteurs et exportateurs de bulbes \u00e0 fleurs en Hollande. Nous exp\u00e9dions nos ampoules partout aux \u00c9tats-Unis, au Canada et en Europe.\",\"breadcrumb\":{\"@id\":\"https:\/\/ruigrokflowerbulbs.com\/fr\/nos-racines\/#breadcrumb\"},\"inLanguage\":\"fr-FR\",\"potentialAction\":[{\"@type\":\"ReadAction\",\"target\":[\"https:\/\/ruigrokflowerbulbs.com\/fr\/nos-racines\/\"]}]},{\"@type\":\"BreadcrumbList\",\"@id\":\"https:\/\/ruigrokflowerbulbs.com\/fr\/nos-racines\/#breadcrumb\",\"itemListElement\":[{\"@type\":\"ListItem\",\"position\":1,\"name\":\"Home\",\"item\":\"https:\/\/ruigrokflowerbulbs.com\/fr\/\"},{\"@type\":\"ListItem\",\"position\":2,\"name\":\"Nos racines\"}]},{\"@type\":\"WebSite\",\"@id\":\"https:\/\/ruigrokflowerbulbs.com\/fr\/#website\",\"url\":\"https:\/\/ruigrokflowerbulbs.com\/fr\/\",\"name\":\"Ruigrok Flowerbulbs\",\"description\":\"We are your expert for flower bulbs\",\"publisher\":{\"@id\":\"https:\/\/ruigrokflowerbulbs.com\/fr\/#organization\"},\"potentialAction\":[{\"@type\":\"SearchAction\",\"target\":{\"@type\":\"EntryPoint\",\"urlTemplate\":\"https:\/\/ruigrokflowerbulbs.com\/fr\/?s={search_term_string}\"},\"query-input\":{\"@type\":\"PropertyValueSpecification\",\"valueRequired\":true,\"valueName\":\"search_term_string\"}}],\"inLanguage\":\"fr-FR\"},{\"@type\":\"Organization\",\"@id\":\"https:\/\/ruigrokflowerbulbs.com\/fr\/#organization\",\"name\":\"Ruigrok Flowerbulbs\",\"url\":\"https:\/\/ruigrokflowerbulbs.com\/fr\/\",\"logo\":{\"@type\":\"ImageObject\",\"inLanguage\":\"fr-FR\",\"@id\":\"https:\/\/ruigrokflowerbulbs.com\/fr\/#\/schema\/logo\/image\/\",\"url\":\"https:\/\/ruigrokflowerbulbs.com\/wp-content\/uploads\/2020\/04\/ruigrok-logo.png\",\"contentUrl\":\"https:\/\/ruigrokflowerbulbs.com\/wp-content\/uploads\/2020\/04\/ruigrok-logo.png\",\"width\":164,\"height\":74,\"caption\":\"Ruigrok Flowerbulbs\"},\"image\":{\"@id\":\"https:\/\/ruigrokflowerbulbs.com\/fr\/#\/schema\/logo\/image\/\"}}]}<\/script>\n<!-- \/ Yoast SEO plugin. -->","yoast_head_json":{"title":"Notre histoire: des experts depuis 6 g\u00e9n\u00e9rations | Ruigrok Flowerbulbs","description":"Ruigrok Flowerbulbs est l'un des plus grands producteurs et exportateurs de bulbes \u00e0 fleurs en Hollande. Nous exp\u00e9dions nos ampoules partout aux \u00c9tats-Unis, au Canada et en Europe.","robots":{"index":"index","follow":"follow","max-snippet":"max-snippet:-1","max-image-preview":"max-image-preview:large","max-video-preview":"max-video-preview:-1"},"canonical":"https:\/\/ruigrokflowerbulbs.com\/fr\/nos-racines\/","og_locale":"fr_FR","og_type":"article","og_title":"Notre histoire: des experts depuis 6 g\u00e9n\u00e9rations | Ruigrok Flowerbulbs","og_description":"Ruigrok Flowerbulbs est l'un des plus grands producteurs et exportateurs de bulbes \u00e0 fleurs en Hollande. Nous exp\u00e9dions nos ampoules partout aux \u00c9tats-Unis, au Canada et en Europe.","og_url":"https:\/\/ruigrokflowerbulbs.com\/fr\/nos-racines\/","og_site_name":"Ruigrok Flowerbulbs","article_modified_time":"2024-06-17T08:24:53+00:00","twitter_card":"summary_large_image","twitter_misc":{"Dur\u00e9e de lecture estim\u00e9e":"5 minutes"},"schema":{"@context":"https:\/\/schema.org","@graph":[{"@type":"WebPage","@id":"https:\/\/ruigrokflowerbulbs.com\/fr\/nos-racines\/","url":"https:\/\/ruigrokflowerbulbs.com\/fr\/nos-racines\/","name":"Notre histoire: des experts depuis 6 g\u00e9n\u00e9rations | Ruigrok Flowerbulbs","isPartOf":{"@id":"https:\/\/ruigrokflowerbulbs.com\/fr\/#website"},"datePublished":"2016-03-10T09:03:40+00:00","dateModified":"2024-06-17T08:24:53+00:00","description":"Ruigrok Flowerbulbs est l'un des plus grands producteurs et exportateurs de bulbes \u00e0 fleurs en Hollande. Nous exp\u00e9dions nos ampoules partout aux \u00c9tats-Unis, au Canada et en Europe.","breadcrumb":{"@id":"https:\/\/ruigrokflowerbulbs.com\/fr\/nos-racines\/#breadcrumb"},"inLanguage":"fr-FR","potentialAction":[{"@type":"ReadAction","target":["https:\/\/ruigrokflowerbulbs.com\/fr\/nos-racines\/"]}]},{"@type":"BreadcrumbList","@id":"https:\/\/ruigrokflowerbulbs.com\/fr\/nos-racines\/#breadcrumb","itemListElement":[{"@type":"ListItem","position":1,"name":"Home","item":"https:\/\/ruigrokflowerbulbs.com\/fr\/"},{"@type":"ListItem","position":2,"name":"Nos racines"}]},{"@type":"WebSite","@id":"https:\/\/ruigrokflowerbulbs.com\/fr\/#website","url":"https:\/\/ruigrokflowerbulbs.com\/fr\/","name":"Ruigrok Flowerbulbs","description":"We are your expert for flower bulbs","publisher":{"@id":"https:\/\/ruigrokflowerbulbs.com\/fr\/#organization"},"potentialAction":[{"@type":"SearchAction","target":{"@type":"EntryPoint","urlTemplate":"https:\/\/ruigrokflowerbulbs.com\/fr\/?s={search_term_string}"},"query-input":{"@type":"PropertyValueSpecification","valueRequired":true,"valueName":"search_term_string"}}],"inLanguage":"fr-FR"},{"@type":"Organization","@id":"https:\/\/ruigrokflowerbulbs.com\/fr\/#organization","name":"Ruigrok Flowerbulbs","url":"https:\/\/ruigrokflowerbulbs.com\/fr\/","logo":{"@type":"ImageObject","inLanguage":"fr-FR","@id":"https:\/\/ruigrokflowerbulbs.com\/fr\/#\/schema\/logo\/image\/","url":"https:\/\/ruigrokflowerbulbs.com\/wp-content\/uploads\/2020\/04\/ruigrok-logo.png","contentUrl":"https:\/\/ruigrokflowerbulbs.com\/wp-content\/uploads\/2020\/04\/ruigrok-logo.png","width":164,"height":74,"caption":"Ruigrok Flowerbulbs"},"image":{"@id":"https:\/\/ruigrokflowerbulbs.com\/fr\/#\/schema\/logo\/image\/"}}]}},"_links":{"self":[{"href":"https:\/\/ruigrokflowerbulbs.com\/fr\/wp-json\/wp\/v2\/pages\/11163","targetHints":{"allow":["GET"]}}],"collection":[{"href":"https:\/\/ruigrokflowerbulbs.com\/fr\/wp-json\/wp\/v2\/pages"}],"about":[{"href":"https:\/\/ruigrokflowerbulbs.com\/fr\/wp-json\/wp\/v2\/types\/page"}],"author":[{"embeddable":true,"href":"https:\/\/ruigrokflowerbulbs.com\/fr\/wp-json\/wp\/v2\/users\/5530"}],"replies":[{"embeddable":true,"href":"https:\/\/ruigrokflowerbulbs.com\/fr\/wp-json\/wp\/v2\/comments?post=11163"}],"version-history":[{"count":2,"href":"https:\/\/ruigrokflowerbulbs.com\/fr\/wp-json\/wp\/v2\/pages\/11163\/revisions"}],"predecessor-version":[{"id":46226,"href":"https:\/\/ruigrokflowerbulbs.com\/fr\/wp-json\/wp\/v2\/pages\/11163\/revisions\/46226"}],"wp:attachment":[{"href":"https:\/\/ruigrokflowerbulbs.com\/fr\/wp-json\/wp\/v2\/media?parent=11163"}],"curies":[{"name":"wp","href":"https:\/\/api.w.org\/{rel}","templated":true}]}}