{"id":11302,"date":"2016-03-04T16:39:54","date_gmt":"2016-03-04T15:39:54","guid":{"rendered":"https:\/\/ruigrok.100test.nlparcourez-notre-catalogue\/"},"modified":"2026-03-05T17:39:43","modified_gmt":"2026-03-05T16:39:43","slug":"parcourez-notre-catalogue","status":"publish","type":"page","link":"https:\/\/ruigrokflowerbulbs.com\/fr\/parcourez-notre-catalogue\/","title":{"rendered":"Catalogues"},"content":{"rendered":"<div class=\"wpb-content-wrapper\">[vc_section][vc_row][vc_column]<div class=\"vcex-spacing wpex-w-100 wpex-clear\" style=\"height:50px;\"><\/div>[\/vc_column][\/vc_row][vc_row columns_right=\u00a0\u00bbyes\u00a0\u00bb][vc_column width=\u00a0\u00bb1\/2&Prime;][vc_single_image image=\u00a0\u00bb46672&Prime; onclick=\u00a0\u00bbcustom_link\u00a0\u00bb css=\u00a0\u00bb\u00a0\u00bb link=\u00a0\u00bb\/catalog\/fall-wholesale-catalog\/\u00a0\u00bb][\/vc_column][vc_column width=\u00a0\u00bb1\/2&Prime;]<h2 class=\"vcex-heading vcex-heading-plain vcex-module wpex-heading wpex-text-2xl\"><span class=\"vcex-heading-inner wpex-inline-block\">D\u00e9couvrez notre <strong>catalogue d'automne<\/strong><\/span><\/h2><div class=\"vcex-spacing wpex-w-100 wpex-clear\"><\/div>[vc_column_text]\nC&rsquo;est avec une fiert\u00e9 que nous vous pr\u00e9sentons notre nouveau catalogue d&rsquo;automne, offrant l&rsquo;assortiment le plus complet de l&rsquo;industrie. Chez Ruigrok Flowerbulbs, nous aimons le beau produit que nous cultivons et exp\u00e9dions dans le monde entier!<br \/>\n[\/vc_column_text]<div class=\"vcex-spacing wpex-w-100 wpex-clear\"><\/div><a href=\"\/fr\/catalog\/fall-wholesale-catalog\/\" class=\"vcex-button theme-button inline\"><span class=\"vcex-button-inner theme-button-inner wpex-flex wpex-flex-wrap wpex-items-center wpex-justify-center\">Consultez notre catalogue<\/span><\/a> <div class=\"vcex-spacing wpex-w-100 wpex-clear\" style=\"height:60px;\"><\/div>[\/vc_column][\/vc_row][\/vc_section][vc_section][vc_row][vc_column]<div class=\"vcex-spacing wpex-w-100 wpex-clear hidden-phone\" style=\"height:50px;\"><\/div>[\/vc_column][\/vc_row][vc_row][vc_column width=\u00a0\u00bb1\/2&Prime;][vc_single_image image=\u00a0\u00bb11341&Prime; onclick=\u00a0\u00bbcustom_link\u00a0\u00bb link=\u00a0\u00bb\/catalog\/wholesale-forcing-catalog\/\u00a0\u00bb][\/vc_column][vc_column width=\u00a0\u00bb1\/2&Prime;]<div class=\"vcex-spacing wpex-w-100 wpex-clear visible-phone\" style=\"height:20px;\"><\/div><h2 class=\"vcex-heading vcex-heading-plain vcex-module wpex-heading wpex-text-2xl\"><span class=\"vcex-heading-inner wpex-inline-block\">D\u00e9couvrez notre <strong>catalogue de bulbes pour for\u00e7age<\/strong><\/span><\/h2><div class=\"vcex-spacing wpex-w-100 wpex-clear\"><\/div>[vc_column_text]\nDe nombreuses vari\u00e9t\u00e9s de ce catalogue sont cultiv\u00e9es dans notre propre ferme. Nous proposons une large gamme de vari\u00e9t\u00e9s qui ont fourni des r\u00e9sultats \u00e9prouv\u00e9s en serre<br \/>\n[\/vc_column_text]<div class=\"vcex-spacing wpex-w-100 wpex-clear\"><\/div><a href=\"\/fr\/parcourez-notre-catalogue\/catalogue-de-bulbes-pour-forcage\/\" class=\"vcex-button theme-button inline\"><span class=\"vcex-button-inner theme-button-inner wpex-flex wpex-flex-wrap wpex-items-center wpex-justify-center\">Consultez notre catalogue<\/span><\/a> <div class=\"vcex-spacing wpex-w-100 wpex-clear\" style=\"height:60px;\"><\/div>[\/vc_column][\/vc_row][\/vc_section][vc_section][vc_row][vc_column]<div class=\"vcex-spacing wpex-w-100 wpex-clear hidden-phone\" style=\"height:50px;\"><\/div>[\/vc_column][\/vc_row][vc_row columns_right=\u00a0\u00bbyes\u00a0\u00bb][vc_column width=\u00a0\u00bb1\/2&Prime;][vc_single_image image=\u00a0\u00bb46633&Prime; onclick=\u00a0\u00bbcustom_link\u00a0\u00bb css=\u00a0\u00bb\u00a0\u00bb link=\u00a0\u00bb\/catalog\/spring-wholesale-catalog\/\u00a0\u00bb][\/vc_column][vc_column width=\u00a0\u00bb1\/2&Prime;]<h2 class=\"vcex-heading vcex-heading-plain vcex-module wpex-heading wpex-text-2xl\"><span class=\"vcex-heading-inner wpex-inline-block\">D\u00e9couvrez notre <strong>catalogue printemps<\/strong><\/span><\/h2><div class=\"vcex-spacing wpex-w-100 wpex-clear\"><\/div>[vc_column_text css=\u00a0\u00bb\u00a0\u00bb]<strong>Nouveau pour 2026: plantes vivaces \u00e0 racines nues<br \/>\n<\/strong>Nous avons consid\u00e9rablement \u00e9largi notre assortiment 2026 de bulbes \u00e0 floraison estivale comme les dahlias, les cannas et les gla\u00efeuls pour les d\u00e9taillants, les paysagistes et les cultivateurs professionnels. Notre assortiment de printemps n\u2019est disponible que pour les clients des Etats-Unis et peut \u00eatre command\u00e9 aupr\u00e8s d\u2019ADR Bulbs \u00e0 Chester NY.[\/vc_column_text]<div class=\"vcex-spacing wpex-w-100 wpex-clear\"><\/div><a href=\"\/fr\/parcourez-notre-catalogue\/catalogue-printemps\/\" class=\"vcex-button theme-button inline\"><span class=\"vcex-button-inner theme-button-inner wpex-flex wpex-flex-wrap wpex-items-center wpex-justify-center\">Consultez notre catalogue<\/span><\/a> <div class=\"vcex-spacing wpex-w-100 wpex-clear\" style=\"height:60px;\"><\/div>[\/vc_column][\/vc_row][\/vc_section]\n<\/div>","protected":false},"excerpt":{"rendered":"<p>[vc_section][vc_row][vc_column][\/vc_column][\/vc_row][vc_row columns_right=\u00a0\u00bbyes\u00a0\u00bb][vc_column width=\u00a0\u00bb1\/2&Prime;][vc_single_image image=\u00a0\u00bb46672&Prime; onclick=\u00a0\u00bbcustom_link\u00a0\u00bb css=\u00a0\u00bb\u00a0\u00bb link=\u00a0\u00bb\/catalog\/fall-wholesale-catalog\/\u00a0\u00bb][\/vc_column][vc_column width=\u00a0\u00bb1\/2&Prime;][vc_column_text] C&rsquo;est avec une fiert\u00e9 que nous vous pr\u00e9sentons notre nouveau catalogue d&rsquo;automne, offrant l&rsquo;assortiment le plus complet de l&rsquo;industrie. Chez Ruigrok Flowerbulbs, nous aimons le beau produit que nous cultivons et exp\u00e9dions dans le monde entier! [\/vc_column_text][\/vc_column][\/vc_row][\/vc_section][vc_section][vc_row][vc_column][\/vc_column][\/vc_row][vc_row][vc_column width=\u00a0\u00bb1\/2&Prime;][vc_single_image image=\u00a0\u00bb11341&Prime; onclick=\u00a0\u00bbcustom_link\u00a0\u00bb link=\u00a0\u00bb\/catalog\/wholesale-forcing-catalog\/\u00a0\u00bb][\/vc_column][vc_column width=\u00a0\u00bb1\/2&Prime;][vc_column_text] De nombreuses vari\u00e9t\u00e9s de ce&hellip;<\/p>\n","protected":false},"author":5530,"featured_media":20236,"parent":0,"menu_order":0,"comment_status":"closed","ping_status":"closed","template":"","meta":{"_acf_changed":false,"inline_featured_image":false,"footnotes":""},"class_list":["post-11302","page","type-page","status-publish","has-post-thumbnail","hentry","entry","has-media"],"acf":[],"yoast_head":"<!-- This site is optimized with the Yoast SEO plugin v27.2 - https:\/\/yoast.com\/product\/yoast-seo-wordpress\/ -->\n<title>Consultez notre catalogue automne, for\u00e7age ou printemps | Ruigrok Flowerbulbs<\/title>\n<meta name=\"description\" content=\"Dans notre catalogue, nous sommes fiers de vous pr\u00e9senter non seulement nos beaux bulbes \u00e0 fleurs, mais aussi les personnes derri\u00e8re nos produits.\" \/>\n<meta name=\"robots\" content=\"index, follow, max-snippet:-1, max-image-preview:large, max-video-preview:-1\" \/>\n<link rel=\"canonical\" href=\"https:\/\/ruigrokflowerbulbs.com\/fr\/parcourez-notre-catalogue\/\" \/>\n<meta property=\"og:locale\" content=\"fr_FR\" \/>\n<meta property=\"og:type\" content=\"article\" \/>\n<meta property=\"og:title\" content=\"Consultez notre catalogue automne, for\u00e7age ou printemps | Ruigrok Flowerbulbs\" \/>\n<meta property=\"og:description\" content=\"Dans notre catalogue, nous sommes fiers de vous pr\u00e9senter non seulement nos beaux bulbes \u00e0 fleurs, mais aussi les personnes derri\u00e8re nos produits.\" \/>\n<meta property=\"og:url\" content=\"https:\/\/ruigrokflowerbulbs.com\/fr\/parcourez-notre-catalogue\/\" \/>\n<meta property=\"og:site_name\" content=\"Ruigrok Flowerbulbs\" \/>\n<meta property=\"article:modified_time\" content=\"2026-03-05T16:39:43+00:00\" \/>\n<meta property=\"og:image\" content=\"https:\/\/ruigrokflowerbulbs.com\/wp-content\/uploads\/2022\/03\/2560x570_Ruigrok_Header_catalog.jpg\" \/>\n\t<meta property=\"og:image:width\" content=\"2560\" \/>\n\t<meta property=\"og:image:height\" content=\"750\" \/>\n\t<meta property=\"og:image:type\" content=\"image\/jpeg\" \/>\n<meta name=\"twitter:card\" content=\"summary_large_image\" \/>\n<meta name=\"twitter:label1\" content=\"Dur\u00e9e de lecture estim\u00e9e\" \/>\n\t<meta name=\"twitter:data1\" content=\"1 minute\" \/>\n<script type=\"application\/ld+json\" class=\"yoast-schema-graph\">{\"@context\":\"https:\/\/schema.org\",\"@graph\":[{\"@type\":\"WebPage\",\"@id\":\"https:\/\/ruigrokflowerbulbs.com\/fr\/parcourez-notre-catalogue\/\",\"url\":\"https:\/\/ruigrokflowerbulbs.com\/fr\/parcourez-notre-catalogue\/\",\"name\":\"Consultez notre catalogue automne, for\u00e7age ou printemps | Ruigrok Flowerbulbs\",\"isPartOf\":{\"@id\":\"https:\/\/ruigrokflowerbulbs.com\/fr\/#website\"},\"primaryImageOfPage\":{\"@id\":\"https:\/\/ruigrokflowerbulbs.com\/fr\/parcourez-notre-catalogue\/#primaryimage\"},\"image\":{\"@id\":\"https:\/\/ruigrokflowerbulbs.com\/fr\/parcourez-notre-catalogue\/#primaryimage\"},\"thumbnailUrl\":\"https:\/\/ruigrokflowerbulbs.com\/wp-content\/uploads\/2022\/03\/2560x570_Ruigrok_Header_catalog.jpg\",\"datePublished\":\"2016-03-04T15:39:54+00:00\",\"dateModified\":\"2026-03-05T16:39:43+00:00\",\"description\":\"Dans notre catalogue, nous sommes fiers de vous pr\u00e9senter non seulement nos beaux bulbes \u00e0 fleurs, mais aussi les personnes derri\u00e8re nos produits.\",\"breadcrumb\":{\"@id\":\"https:\/\/ruigrokflowerbulbs.com\/fr\/parcourez-notre-catalogue\/#breadcrumb\"},\"inLanguage\":\"fr-FR\",\"potentialAction\":[{\"@type\":\"ReadAction\",\"target\":[\"https:\/\/ruigrokflowerbulbs.com\/fr\/parcourez-notre-catalogue\/\"]}]},{\"@type\":\"ImageObject\",\"inLanguage\":\"fr-FR\",\"@id\":\"https:\/\/ruigrokflowerbulbs.com\/fr\/parcourez-notre-catalogue\/#primaryimage\",\"url\":\"https:\/\/ruigrokflowerbulbs.com\/wp-content\/uploads\/2022\/03\/2560x570_Ruigrok_Header_catalog.jpg\",\"contentUrl\":\"https:\/\/ruigrokflowerbulbs.com\/wp-content\/uploads\/2022\/03\/2560x570_Ruigrok_Header_catalog.jpg\",\"width\":2560,\"height\":750,\"caption\":\"Catalog Ruigrok\"},{\"@type\":\"BreadcrumbList\",\"@id\":\"https:\/\/ruigrokflowerbulbs.com\/fr\/parcourez-notre-catalogue\/#breadcrumb\",\"itemListElement\":[{\"@type\":\"ListItem\",\"position\":1,\"name\":\"Home\",\"item\":\"https:\/\/ruigrokflowerbulbs.com\/fr\/\"},{\"@type\":\"ListItem\",\"position\":2,\"name\":\"Catalogues\"}]},{\"@type\":\"WebSite\",\"@id\":\"https:\/\/ruigrokflowerbulbs.com\/fr\/#website\",\"url\":\"https:\/\/ruigrokflowerbulbs.com\/fr\/\",\"name\":\"Ruigrok Flowerbulbs\",\"description\":\"We are your expert for flower bulbs\",\"publisher\":{\"@id\":\"https:\/\/ruigrokflowerbulbs.com\/fr\/#organization\"},\"potentialAction\":[{\"@type\":\"SearchAction\",\"target\":{\"@type\":\"EntryPoint\",\"urlTemplate\":\"https:\/\/ruigrokflowerbulbs.com\/fr\/?s={search_term_string}\"},\"query-input\":{\"@type\":\"PropertyValueSpecification\",\"valueRequired\":true,\"valueName\":\"search_term_string\"}}],\"inLanguage\":\"fr-FR\"},{\"@type\":\"Organization\",\"@id\":\"https:\/\/ruigrokflowerbulbs.com\/fr\/#organization\",\"name\":\"Ruigrok Flowerbulbs\",\"url\":\"https:\/\/ruigrokflowerbulbs.com\/fr\/\",\"logo\":{\"@type\":\"ImageObject\",\"inLanguage\":\"fr-FR\",\"@id\":\"https:\/\/ruigrokflowerbulbs.com\/fr\/#\/schema\/logo\/image\/\",\"url\":\"https:\/\/ruigrokflowerbulbs.com\/wp-content\/uploads\/2020\/04\/ruigrok-logo.png\",\"contentUrl\":\"https:\/\/ruigrokflowerbulbs.com\/wp-content\/uploads\/2020\/04\/ruigrok-logo.png\",\"width\":164,\"height\":74,\"caption\":\"Ruigrok Flowerbulbs\"},\"image\":{\"@id\":\"https:\/\/ruigrokflowerbulbs.com\/fr\/#\/schema\/logo\/image\/\"}}]}<\/script>\n<!-- \/ Yoast SEO plugin. -->","yoast_head_json":{"title":"Consultez notre catalogue automne, for\u00e7age ou printemps | Ruigrok Flowerbulbs","description":"Dans notre catalogue, nous sommes fiers de vous pr\u00e9senter non seulement nos beaux bulbes \u00e0 fleurs, mais aussi les personnes derri\u00e8re nos produits.","robots":{"index":"index","follow":"follow","max-snippet":"max-snippet:-1","max-image-preview":"max-image-preview:large","max-video-preview":"max-video-preview:-1"},"canonical":"https:\/\/ruigrokflowerbulbs.com\/fr\/parcourez-notre-catalogue\/","og_locale":"fr_FR","og_type":"article","og_title":"Consultez notre catalogue automne, for\u00e7age ou printemps | Ruigrok Flowerbulbs","og_description":"Dans notre catalogue, nous sommes fiers de vous pr\u00e9senter non seulement nos beaux bulbes \u00e0 fleurs, mais aussi les personnes derri\u00e8re nos produits.","og_url":"https:\/\/ruigrokflowerbulbs.com\/fr\/parcourez-notre-catalogue\/","og_site_name":"Ruigrok Flowerbulbs","article_modified_time":"2026-03-05T16:39:43+00:00","og_image":[{"width":2560,"height":750,"url":"https:\/\/ruigrokflowerbulbs.com\/wp-content\/uploads\/2022\/03\/2560x570_Ruigrok_Header_catalog.jpg","type":"image\/jpeg"}],"twitter_card":"summary_large_image","twitter_misc":{"Dur\u00e9e de lecture estim\u00e9e":"1 minute"},"schema":{"@context":"https:\/\/schema.org","@graph":[{"@type":"WebPage","@id":"https:\/\/ruigrokflowerbulbs.com\/fr\/parcourez-notre-catalogue\/","url":"https:\/\/ruigrokflowerbulbs.com\/fr\/parcourez-notre-catalogue\/","name":"Consultez notre catalogue automne, for\u00e7age ou printemps | Ruigrok Flowerbulbs","isPartOf":{"@id":"https:\/\/ruigrokflowerbulbs.com\/fr\/#website"},"primaryImageOfPage":{"@id":"https:\/\/ruigrokflowerbulbs.com\/fr\/parcourez-notre-catalogue\/#primaryimage"},"image":{"@id":"https:\/\/ruigrokflowerbulbs.com\/fr\/parcourez-notre-catalogue\/#primaryimage"},"thumbnailUrl":"https:\/\/ruigrokflowerbulbs.com\/wp-content\/uploads\/2022\/03\/2560x570_Ruigrok_Header_catalog.jpg","datePublished":"2016-03-04T15:39:54+00:00","dateModified":"2026-03-05T16:39:43+00:00","description":"Dans notre catalogue, nous sommes fiers de vous pr\u00e9senter non seulement nos beaux bulbes \u00e0 fleurs, mais aussi les personnes derri\u00e8re nos produits.","breadcrumb":{"@id":"https:\/\/ruigrokflowerbulbs.com\/fr\/parcourez-notre-catalogue\/#breadcrumb"},"inLanguage":"fr-FR","potentialAction":[{"@type":"ReadAction","target":["https:\/\/ruigrokflowerbulbs.com\/fr\/parcourez-notre-catalogue\/"]}]},{"@type":"ImageObject","inLanguage":"fr-FR","@id":"https:\/\/ruigrokflowerbulbs.com\/fr\/parcourez-notre-catalogue\/#primaryimage","url":"https:\/\/ruigrokflowerbulbs.com\/wp-content\/uploads\/2022\/03\/2560x570_Ruigrok_Header_catalog.jpg","contentUrl":"https:\/\/ruigrokflowerbulbs.com\/wp-content\/uploads\/2022\/03\/2560x570_Ruigrok_Header_catalog.jpg","width":2560,"height":750,"caption":"Catalog Ruigrok"},{"@type":"BreadcrumbList","@id":"https:\/\/ruigrokflowerbulbs.com\/fr\/parcourez-notre-catalogue\/#breadcrumb","itemListElement":[{"@type":"ListItem","position":1,"name":"Home","item":"https:\/\/ruigrokflowerbulbs.com\/fr\/"},{"@type":"ListItem","position":2,"name":"Catalogues"}]},{"@type":"WebSite","@id":"https:\/\/ruigrokflowerbulbs.com\/fr\/#website","url":"https:\/\/ruigrokflowerbulbs.com\/fr\/","name":"Ruigrok Flowerbulbs","description":"We are your expert for flower bulbs","publisher":{"@id":"https:\/\/ruigrokflowerbulbs.com\/fr\/#organization"},"potentialAction":[{"@type":"SearchAction","target":{"@type":"EntryPoint","urlTemplate":"https:\/\/ruigrokflowerbulbs.com\/fr\/?s={search_term_string}"},"query-input":{"@type":"PropertyValueSpecification","valueRequired":true,"valueName":"search_term_string"}}],"inLanguage":"fr-FR"},{"@type":"Organization","@id":"https:\/\/ruigrokflowerbulbs.com\/fr\/#organization","name":"Ruigrok Flowerbulbs","url":"https:\/\/ruigrokflowerbulbs.com\/fr\/","logo":{"@type":"ImageObject","inLanguage":"fr-FR","@id":"https:\/\/ruigrokflowerbulbs.com\/fr\/#\/schema\/logo\/image\/","url":"https:\/\/ruigrokflowerbulbs.com\/wp-content\/uploads\/2020\/04\/ruigrok-logo.png","contentUrl":"https:\/\/ruigrokflowerbulbs.com\/wp-content\/uploads\/2020\/04\/ruigrok-logo.png","width":164,"height":74,"caption":"Ruigrok Flowerbulbs"},"image":{"@id":"https:\/\/ruigrokflowerbulbs.com\/fr\/#\/schema\/logo\/image\/"}}]}},"_links":{"self":[{"href":"https:\/\/ruigrokflowerbulbs.com\/fr\/wp-json\/wp\/v2\/pages\/11302","targetHints":{"allow":["GET"]}}],"collection":[{"href":"https:\/\/ruigrokflowerbulbs.com\/fr\/wp-json\/wp\/v2\/pages"}],"about":[{"href":"https:\/\/ruigrokflowerbulbs.com\/fr\/wp-json\/wp\/v2\/types\/page"}],"author":[{"embeddable":true,"href":"https:\/\/ruigrokflowerbulbs.com\/fr\/wp-json\/wp\/v2\/users\/5530"}],"replies":[{"embeddable":true,"href":"https:\/\/ruigrokflowerbulbs.com\/fr\/wp-json\/wp\/v2\/comments?post=11302"}],"version-history":[{"count":6,"href":"https:\/\/ruigrokflowerbulbs.com\/fr\/wp-json\/wp\/v2\/pages\/11302\/revisions"}],"predecessor-version":[{"id":46673,"href":"https:\/\/ruigrokflowerbulbs.com\/fr\/wp-json\/wp\/v2\/pages\/11302\/revisions\/46673"}],"wp:featuredmedia":[{"embeddable":true,"href":"https:\/\/ruigrokflowerbulbs.com\/fr\/wp-json\/wp\/v2\/media\/20236"}],"wp:attachment":[{"href":"https:\/\/ruigrokflowerbulbs.com\/fr\/wp-json\/wp\/v2\/media?parent=11302"}],"curies":[{"name":"wp","href":"https:\/\/api.w.org\/{rel}","templated":true}]}}