{"id":11924,"date":"2020-04-07T14:25:39","date_gmt":"2020-04-07T12:25:39","guid":{"rendered":"https:\/\/ruigrok.100test.nlbulbes-en-gros\/bulbes-a-fleurs-pour-parcs-et-jardins\/"},"modified":"2024-06-18T13:42:34","modified_gmt":"2024-06-18T11:42:34","slug":"bulbes-a-fleurs-pour-parcs-et-jardins","status":"publish","type":"page","link":"https:\/\/ruigrokflowerbulbs.com\/fr\/bulbes-en-gros\/bulbes-a-fleurs-pour-parcs-et-jardins\/","title":{"rendered":"Bulbes \u00e0 fleurs pour parcs et jardins"},"content":{"rendered":"<div class=\"wpb-content-wrapper\">[vc_section][vc_row][vc_column]<div class=\"vcex-spacing wpex-w-100 wpex-clear\" style=\"height:50px;\"><\/div>[\/vc_column][\/vc_row][vc_row][vc_column width=\u00a0\u00bb1\/2&Prime;]<h2 class=\"vcex-heading vcex-heading-plain vcex-module wpex-heading wpex-text-2xl\"><span class=\"vcex-heading-inner wpex-inline-block\">Bulbes \u00e0 fleurs pour <strong>parcs et jardins<\/strong><\/span><\/h2><div class=\"vcex-spacing wpex-w-100 wpex-clear\"><\/div>[vc_column_text css=\u00a0\u00bb\u00a0\u00bb]Le printemps est le moment id\u00e9al pour \u00e9chapper \u00e0 la vie urbaine et se rendre dans les parcs et jardins publics pour s&rsquo;impr\u00e9gner de la beaut\u00e9 des tulipes en fleurs. Cr\u00e9ez des pr\u00e9sentations \u00e9clatantes avec des cultivars sp\u00e9ciaux de jacinthes, de jonquilles et de tulipes ou choisissez parmi nos m\u00e9langes de bulbes de fleurs. Sp\u00e9cialement con\u00e7us pour cr\u00e9er des pr\u00e9sentations printani\u00e8res exceptionnelles et durables.<\/p>\n<p>Nos bulbes de fleurs en gros de premi\u00e8re qualit\u00e9 se trouvent dans de nombreux jardins publics, municipalit\u00e9s et parcs \u00e0 travers les \u00c9tats-Unis et le Canada. En tant que fournisseurs de confiance, nous entretenons des relations \u00e0 long terme avec des paysagistes, des botanistes et des acheteurs municipaux dans toutes les r\u00e9gions des \u00c9tats-Unis et du Canada. Faites confiance \u00e0 nos repr\u00e9sentants commerciaux comp\u00e9tents pour vous guider dans la s\u00e9lection des cultivars, des esp\u00e8ces ou des m\u00e9langes de bulbes id\u00e9aux, adapt\u00e9s aux exigences de vos projets. <a href=\"https:\/\/ruigrokflowerbulbs.com\/fr\/parcourez-notre-catalogue\/\">Consultez notre catalogue<\/a> ou contactez nos experts en bulbes pour d\u00e9couvrir les possibilit\u00e9s infinies qu&rsquo;offrent les bulbes \u00e0 fleurs.[\/vc_column_text]<div class=\"vcex-spacing wpex-w-100 wpex-clear hidden-phone\" style=\"height:60px;\"><\/div>[\/vc_column][vc_column width=\u00a0\u00bb1\/2&Prime;]<figure class=\"vcex-image vcex-module\"><div class=\"vcex-image-inner wpex-relative wpex-inline-block\"><img width=\"575\" height=\"566\" src=\"https:\/\/ruigrokflowerbulbs.com\/wp-content\/uploads\/2024\/06\/4_Parks-Ruigrok.jpg\" class=\"vcex-image-img wpex-align-middle\" alt=\"Parks Ruigrok Flowerbulbs\" loading=\"lazy\" decoding=\"async\" srcset=\"https:\/\/ruigrokflowerbulbs.com\/wp-content\/uploads\/2024\/06\/4_Parks-Ruigrok.jpg 575w, https:\/\/ruigrokflowerbulbs.com\/wp-content\/uploads\/2024\/06\/4_Parks-Ruigrok-300x295.jpg 300w\" sizes=\"auto, (max-width: 575px) 100vw, 575px\" \/><\/div><\/figure>[\/vc_column][\/vc_row][vc_row][vc_column]<div class=\"vcex-spacing wpex-w-100 wpex-clear hidden-phone\"><\/div>[\/vc_column][\/vc_row][\/vc_section][vc_section full_width=\u00a0\u00bbstretch_row\u00a0\u00bb css=\u00a0\u00bb.vc_custom_1585063262331{background-color: #edf2e4 !important;}\u00a0\u00bb][vc_row][vc_column]<div class=\"vcex-spacing wpex-w-100 wpex-clear hidden-phone\" style=\"height:50px;\"><\/div>[\/vc_column][\/vc_row][vc_row][vc_column width=\u00a0\u00bb1\/3&Prime;][vc_column_text]\n<h3>Taille sup\u00e9rieure, qualit\u00e9 sup\u00e9rieure<\/h3>\n<p>Ruigrok Flowerbulbs ne propose que des bulbes authentiques, de la plus haute qualit\u00e9 et de la plus grande taille. Nos <a href=\"https:\/\/ruigrokflowerbulbs.comproducts\/\">tulipes<\/a>, par exemple, sont de taille 12 \/ +, nos <a href=\"https:\/\/ruigrokflowerbulbs.comproducts\/\">jonquilles<\/a> sont 14\/16 ou 12\/14 et nos <a href=\"https:\/\/ruigrokflowerbulbs.comproducts\/\">jacinthes<\/a> sont 16\/17. Nos bulbes sont rigoureusement inspect\u00e9s (y compris une num\u00e9risation IRM et pr\u00e9-inspection USDA et canadienne) avant l&rsquo;exportation. Beaucoup de nos bulbes sont cultiv\u00e9s dans nos propres <a href=\"https:\/\/ruigrokflowerbulbs.comfr\/notre-ferme-de-bulbes-a-fleurs-au-pays-bas\/\">fermes<\/a>.[\/vc_column_text]<div class=\"vcex-spacing wpex-w-100 wpex-clear hidden-phone\" style=\"height:60px;\"><\/div>[\/vc_column][vc_column width=\u00a0\u00bb1\/3&Prime;][vc_column_text]\n<h3>Notre garantie<\/h3>\n<p>Nous garantissons \u00e0 100% que nos bulbes sont durables, sains et exempts d&rsquo;insectes nuisibles et de maladies \u00e0 leur r\u00e9ception. Tous nos bulbes sont issus de plants cultiv\u00e9s. Nous assurons notre produit \u00e0 100% et garantissons qu&rsquo;il arrivera dans des conditions optimales et vous donnera des r\u00e9sultats de croissance optimaux. Si non, nous les remplacerons, sans poser de questions.[\/vc_column_text]<div class=\"vcex-spacing wpex-w-100 wpex-clear hidden-phone\" style=\"height:60px;\"><\/div>[\/vc_column][vc_column width=\u00a0\u00bb1\/3&Prime;][vc_column_text]\n<h3>Ce que vous voyez est ce que vous obtenez<\/h3>\n<p>Les photos sur notre site Web sont soigneusement choisies pour refl\u00e9ter la v\u00e9ritable apparence des fleurs lorsque nous visitons les champs au printemps. Tous nos bulbes sont unique et sont fid\u00e8les \u00e0 leur nom.[\/vc_column_text]<div class=\"vcex-spacing wpex-w-100 wpex-clear hidden-phone\" style=\"height:60px;\"><\/div>[\/vc_column][\/vc_row][\/vc_section][vc_section][vc_row][vc_column]<div class=\"vcex-spacing wpex-w-100 wpex-clear\" style=\"height:50px;\"><\/div><h2 class=\"vcex-heading vcex-heading-plain vcex-module wpex-heading wpex-text-2xl\"><span class=\"vcex-heading-inner wpex-inline-block\">Grande <strong>diversit\u00e9<\/strong><\/span><\/h2><div class=\"vcex-spacing wpex-w-100 wpex-clear\"><\/div>[vc_row_inner][vc_column_inner width=\u00a0\u00bb1\/2&Prime;][vc_column_text css=\u00a0\u00bb\u00a0\u00bb]D\u00e9couvrez de nouvelles possibilit\u00e9s chez Ruigrok Flowerbulbs, qui dispose de l&rsquo;assortiment le plus large du secteur. Vous ne trouvez pas le m\u00e9lange de bulbes que vous cherchez ? Il vous suffit de nous en informer et nous ferons en sorte que cela se produise ! Pour obtenir un devis personnalis\u00e9 ou une soumission pour votre projet de plantation de bulbes d&rsquo;automne, n&rsquo;h\u00e9sitez pas \u00e0 communiquer avec nous. Il nous fera plaisir de vous aider![\/vc_column_text][\/vc_column_inner][vc_column_inner width=\u00a0\u00bb1\/2&Prime;]<figure class=\"vcex-image vcex-module\"><div class=\"vcex-image-inner wpex-relative wpex-inline-block\"><img width=\"575\" height=\"383\" src=\"https:\/\/ruigrokflowerbulbs.com\/wp-content\/uploads\/2024\/06\/4_Flowerbulbs.jpg\" class=\"vcex-image-img wpex-align-middle\" alt=\"Flowerbulbs\" loading=\"lazy\" decoding=\"async\" srcset=\"https:\/\/ruigrokflowerbulbs.com\/wp-content\/uploads\/2024\/06\/4_Flowerbulbs.jpg 575w, https:\/\/ruigrokflowerbulbs.com\/wp-content\/uploads\/2024\/06\/4_Flowerbulbs-300x200.jpg 300w\" sizes=\"auto, (max-width: 575px) 100vw, 575px\" \/><\/div><\/figure>[\/vc_column_inner][\/vc_row_inner][\/vc_column][\/vc_row][\/vc_section][vc_section full_width=\u00a0\u00bbstretch_row\u00a0\u00bb css=\u00a0\u00bb.vc_custom_1585063262331{background-color: #edf2e4 !important;}\u00a0\u00bb][vc_row][vc_column]<div class=\"vcex-spacing wpex-w-100 wpex-clear\" style=\"height:50px;\"><\/div><h2 class=\"vcex-heading vcex-heading-plain vcex-module wpex-heading wpex-text-2xl\"><span class=\"vcex-heading-inner wpex-inline-block\">\u00c0 propos <strong>de livraison<\/strong><\/span><\/h2>[\/vc_column][\/vc_row][vc_row][vc_column width=\u00a0\u00bb1\/3&Prime;][vc_column_text]\n<h3>Commandez t\u00f4t<\/h3>\n<p>Plus vous commandez t\u00f4t, plus les vari\u00e9t\u00e9s de votre choix seront disponibles. Les premi\u00e8res commandes seront exp\u00e9di\u00e9es directement de notre ferme aux Pays-Bas. Bien s\u00fbr, nous veillerons \u00e0 ce que vous ne receviez pas votre commande avant que la temp\u00e9rature du sol ne soit inf\u00e9rieure \u00e0 55 \u00b0 F.[\/vc_column_text]<div class=\"vcex-spacing wpex-w-100 wpex-clear hidden-phone\" style=\"height:60px;\"><\/div>[\/vc_column][vc_column width=\u00a0\u00bb1\/3&Prime;][vc_column_text]\n<h3>Exp\u00e9dition le jour m\u00eame en USA<\/h3>\n<p>Notre entrep\u00f4t aux \u00c9tats-Unis, <a href=\"https:\/\/www.adrbulbs.com\/\" target=\"_blank\" rel=\"noopener noreferrer\">ADR Bulbs<\/a>, contient environ 75% de notre gamme de produits en stock et dispose d&rsquo;un inventaire d&rsquo;automne gigantesque. Les bulbes <a href=\"https:\/\/www.adrbulbs.com\/\" target=\"_blank\" rel=\"noopener noreferrer\">ADR<\/a> suffisent \u00e0 toutes les commandes de clients aux \u00c9tats-Unis plac\u00e9es apr\u00e8s le 15 septembre selon un calendrier d&rsquo;exp\u00e9dition le jour m\u00eame[\/vc_column_text]<div class=\"vcex-spacing wpex-w-100 wpex-clear hidden-phone\" style=\"height:60px;\"><\/div>[\/vc_column][vc_column width=\u00a0\u00bb1\/3&Prime;][vc_column_text]\n<h3>Clients au Canada<\/h3>\n<p>Nous vous exp\u00e9dions directement depuis notre ferme aux Pays-Bas. En raison des difficult\u00e9s d&rsquo;exp\u00e9dition des produits \u00e9trangers des \u00c9tats-Unis au Canada, nous ne sommes pas en mesure de vous servir depuis notre entrep\u00f4t de New York. Veuillez nous contacter pour la disponibilit\u00e9 et les options d&rsquo;exp\u00e9dition \u00e0 tout moment.[\/vc_column_text]<div class=\"vcex-spacing wpex-w-100 wpex-clear hidden-phone\" style=\"height:60px;\"><\/div>[\/vc_column][\/vc_row][\/vc_section][vc_section][vc_row][vc_column]<div class=\"vcex-spacing wpex-w-100 wpex-clear\" style=\"height:50px;\"><\/div><h2 class=\"vcex-heading vcex-heading-plain vcex-module wpex-heading wpex-text-2xl\"><span class=\"vcex-heading-inner wpex-inline-block\">Am\u00e9nagement paysager <strong>avec bulbes \u00e0 fleurs<\/strong><\/span><\/h2>[\/vc_column][\/vc_row][vc_row equal_height=\u00a0\u00bbyes\u00a0\u00bb][vc_column]<figure class=\"vcex-image vcex-module\"><div class=\"vcex-image-inner wpex-relative wpex-inline-block\"><a href=\"https:\/\/ruigrokflowerbulbs.com\/planting-and-care\/\" title=\"Planting and care\"><img width=\"1200\" height=\"383\" src=\"https:\/\/ruigrokflowerbulbs.com\/wp-content\/uploads\/2020\/04\/7_Planting_Care_RuigrokFlowerbulbs.jpg\" class=\"vcex-image-img wpex-align-middle\" alt=\"Planting and care\" loading=\"lazy\" decoding=\"async\" srcset=\"https:\/\/ruigrokflowerbulbs.com\/wp-content\/uploads\/2020\/04\/7_Planting_Care_RuigrokFlowerbulbs.jpg 1200w, https:\/\/ruigrokflowerbulbs.com\/wp-content\/uploads\/2020\/04\/7_Planting_Care_RuigrokFlowerbulbs-300x96.jpg 300w, https:\/\/ruigrokflowerbulbs.com\/wp-content\/uploads\/2020\/04\/7_Planting_Care_RuigrokFlowerbulbs-1024x327.jpg 1024w, https:\/\/ruigrokflowerbulbs.com\/wp-content\/uploads\/2020\/04\/7_Planting_Care_RuigrokFlowerbulbs-768x245.jpg 768w, https:\/\/ruigrokflowerbulbs.com\/wp-content\/uploads\/2020\/04\/7_Planting_Care_RuigrokFlowerbulbs-600x192.jpg 600w\" sizes=\"auto, (max-width: 1200px) 100vw, 1200px\" \/><\/a><\/div><\/figure>[vc_row_inner equal_height=\u00a0\u00bbyes\u00a0\u00bb content_placement=\u00a0\u00bbbottom\u00a0\u00bb remove_bottom_col_margin=\u00a0\u00bbtrue\u00a0\u00bb el_class=\u00a0\u00bbhl_row_shadow\u00a0\u00bb][vc_column_inner el_class=\u00a0\u00bbhl_row_min_height hl_row_shadow_inner\u00a0\u00bb width=\u00a0\u00bb4\/5&Prime; offset=\u00a0\u00bbvc_col-xs-9&Prime;][vc_column_text]<span style=\"font-size: 18px;\"><b>Conseils sur la plantation et l\u2019entretien (soin)<\/b><\/span><\/p>\n<p>Retrouvez toutes vos informations ici[\/vc_column_text][\/vc_column_inner][vc_column_inner el_class=\u00a0\u00bbhl_icon_arrow\u00a0\u00bb width=\u00a0\u00bb1\/5&Prime; offset=\u00a0\u00bbvc_col-xs-3&Prime;]<figure class=\"vcex-image vcex-module wpex-text-right\"><div class=\"vcex-image-inner wpex-relative wpex-inline-block\"><a href=\"https:\/\/ruigrokflowerbulbs.com\/planting-and-care\/\" title=\"Planting and care\"><img loading=\"lazy\" class=\"vcex-image-img wpex-align-middle\" decoding=\"async\" src=\"https:\/\/ruigrokflowerbulbs.com\/wp-content\/uploads\/2020\/03\/icon-arrow-blue-56x42.png\" alt=\"\" srcset=\"https:\/\/ruigrokflowerbulbs.com\/wp-content\/uploads\/2020\/03\/icon-arrow-blue-56x42.png 56w, https:\/\/ruigrokflowerbulbs.com\/wp-content\/uploads\/2020\/03\/icon-arrow-blue.png 112w\" width=\"56\" height=\"42\"><\/a><\/div><\/figure>[\/vc_column_inner][\/vc_row_inner][\/vc_column][\/vc_row][\/vc_section]\n<\/div>","protected":false},"excerpt":{"rendered":"<p>[vc_section][vc_row][vc_column][\/vc_column][\/vc_row][vc_row][vc_column width=\u00a0\u00bb1\/2&Prime;][vc_column_text css=\u00a0\u00bb\u00a0\u00bb]Le printemps est le moment id\u00e9al pour \u00e9chapper \u00e0 la vie urbaine et se rendre dans les parcs et jardins publics pour s&rsquo;impr\u00e9gner de la beaut\u00e9 des tulipes en fleurs. Cr\u00e9ez des pr\u00e9sentations \u00e9clatantes avec des cultivars sp\u00e9ciaux de jacinthes, de jonquilles et de tulipes ou choisissez parmi nos m\u00e9langes de bulbes de&hellip;<\/p>\n","protected":false},"author":5530,"featured_media":0,"parent":11796,"menu_order":0,"comment_status":"closed","ping_status":"closed","template":"","meta":{"_acf_changed":false,"inline_featured_image":false,"footnotes":""},"class_list":["post-11924","page","type-page","status-publish","hentry","entry","no-media"],"acf":[],"yoast_head":"<!-- This site is optimized with the Yoast SEO plugin v27.2 - https:\/\/yoast.com\/product\/yoast-seo-wordpress\/ -->\n<title>Bulbes \u00e0 fleurs pour parcs et jardins | Ruigrok Flowerbulbs<\/title>\n<meta name=\"description\" content=\"Les parcs et jardins publics sont l&#039;endroit \u00e0 visiter pour les citadins \u00e0 tout moment au printemps pour voir des milliers de tulipes fleurir successivement avec des couleurs vibrantes.\" \/>\n<meta name=\"robots\" content=\"index, follow, max-snippet:-1, max-image-preview:large, max-video-preview:-1\" \/>\n<link rel=\"canonical\" href=\"https:\/\/ruigrokflowerbulbs.com\/fr\/bulbes-en-gros\/bulbes-a-fleurs-pour-parcs-et-jardins\/\" \/>\n<meta property=\"og:locale\" content=\"fr_FR\" \/>\n<meta property=\"og:type\" content=\"article\" \/>\n<meta property=\"og:title\" content=\"Bulbes \u00e0 fleurs pour parcs et jardins | Ruigrok Flowerbulbs\" \/>\n<meta property=\"og:description\" content=\"Les parcs et jardins publics sont l&#039;endroit \u00e0 visiter pour les citadins \u00e0 tout moment au printemps pour voir des milliers de tulipes fleurir successivement avec des couleurs vibrantes.\" \/>\n<meta property=\"og:url\" content=\"https:\/\/ruigrokflowerbulbs.com\/fr\/bulbes-en-gros\/bulbes-a-fleurs-pour-parcs-et-jardins\/\" \/>\n<meta property=\"og:site_name\" content=\"Ruigrok Flowerbulbs\" \/>\n<meta property=\"article:modified_time\" content=\"2024-06-18T11:42:34+00:00\" \/>\n<meta name=\"twitter:card\" content=\"summary_large_image\" \/>\n<meta name=\"twitter:label1\" content=\"Dur\u00e9e de lecture estim\u00e9e\" \/>\n\t<meta name=\"twitter:data1\" content=\"3 minutes\" \/>\n<script type=\"application\/ld+json\" class=\"yoast-schema-graph\">{\"@context\":\"https:\/\/schema.org\",\"@graph\":[{\"@type\":\"WebPage\",\"@id\":\"https:\/\/ruigrokflowerbulbs.com\/fr\/bulbes-en-gros\/bulbes-a-fleurs-pour-parcs-et-jardins\/\",\"url\":\"https:\/\/ruigrokflowerbulbs.com\/fr\/bulbes-en-gros\/bulbes-a-fleurs-pour-parcs-et-jardins\/\",\"name\":\"Bulbes \u00e0 fleurs pour parcs et jardins | Ruigrok Flowerbulbs\",\"isPartOf\":{\"@id\":\"https:\/\/ruigrokflowerbulbs.com\/fr\/#website\"},\"datePublished\":\"2020-04-07T12:25:39+00:00\",\"dateModified\":\"2024-06-18T11:42:34+00:00\",\"description\":\"Les parcs et jardins publics sont l'endroit \u00e0 visiter pour les citadins \u00e0 tout moment au printemps pour voir des milliers de tulipes fleurir successivement avec des couleurs vibrantes.\",\"breadcrumb\":{\"@id\":\"https:\/\/ruigrokflowerbulbs.com\/fr\/bulbes-en-gros\/bulbes-a-fleurs-pour-parcs-et-jardins\/#breadcrumb\"},\"inLanguage\":\"fr-FR\",\"potentialAction\":[{\"@type\":\"ReadAction\",\"target\":[\"https:\/\/ruigrokflowerbulbs.com\/fr\/bulbes-en-gros\/bulbes-a-fleurs-pour-parcs-et-jardins\/\"]}]},{\"@type\":\"BreadcrumbList\",\"@id\":\"https:\/\/ruigrokflowerbulbs.com\/fr\/bulbes-en-gros\/bulbes-a-fleurs-pour-parcs-et-jardins\/#breadcrumb\",\"itemListElement\":[{\"@type\":\"ListItem\",\"position\":1,\"name\":\"Home\",\"item\":\"https:\/\/ruigrokflowerbulbs.com\/fr\/\"},{\"@type\":\"ListItem\",\"position\":2,\"name\":\"Grossiste\",\"item\":\"https:\/\/ruigrokflowerbulbs.com\/fr\/bulbes-en-gros\/\"},{\"@type\":\"ListItem\",\"position\":3,\"name\":\"Bulbes \u00e0 fleurs pour parcs et jardins\"}]},{\"@type\":\"WebSite\",\"@id\":\"https:\/\/ruigrokflowerbulbs.com\/fr\/#website\",\"url\":\"https:\/\/ruigrokflowerbulbs.com\/fr\/\",\"name\":\"Ruigrok Flowerbulbs\",\"description\":\"We are your expert for flower bulbs\",\"publisher\":{\"@id\":\"https:\/\/ruigrokflowerbulbs.com\/fr\/#organization\"},\"potentialAction\":[{\"@type\":\"SearchAction\",\"target\":{\"@type\":\"EntryPoint\",\"urlTemplate\":\"https:\/\/ruigrokflowerbulbs.com\/fr\/?s={search_term_string}\"},\"query-input\":{\"@type\":\"PropertyValueSpecification\",\"valueRequired\":true,\"valueName\":\"search_term_string\"}}],\"inLanguage\":\"fr-FR\"},{\"@type\":\"Organization\",\"@id\":\"https:\/\/ruigrokflowerbulbs.com\/fr\/#organization\",\"name\":\"Ruigrok Flowerbulbs\",\"url\":\"https:\/\/ruigrokflowerbulbs.com\/fr\/\",\"logo\":{\"@type\":\"ImageObject\",\"inLanguage\":\"fr-FR\",\"@id\":\"https:\/\/ruigrokflowerbulbs.com\/fr\/#\/schema\/logo\/image\/\",\"url\":\"https:\/\/ruigrokflowerbulbs.com\/wp-content\/uploads\/2020\/04\/ruigrok-logo.png\",\"contentUrl\":\"https:\/\/ruigrokflowerbulbs.com\/wp-content\/uploads\/2020\/04\/ruigrok-logo.png\",\"width\":164,\"height\":74,\"caption\":\"Ruigrok Flowerbulbs\"},\"image\":{\"@id\":\"https:\/\/ruigrokflowerbulbs.com\/fr\/#\/schema\/logo\/image\/\"}}]}<\/script>\n<!-- \/ Yoast SEO plugin. -->","yoast_head_json":{"title":"Bulbes \u00e0 fleurs pour parcs et jardins | Ruigrok Flowerbulbs","description":"Les parcs et jardins publics sont l'endroit \u00e0 visiter pour les citadins \u00e0 tout moment au printemps pour voir des milliers de tulipes fleurir successivement avec des couleurs vibrantes.","robots":{"index":"index","follow":"follow","max-snippet":"max-snippet:-1","max-image-preview":"max-image-preview:large","max-video-preview":"max-video-preview:-1"},"canonical":"https:\/\/ruigrokflowerbulbs.com\/fr\/bulbes-en-gros\/bulbes-a-fleurs-pour-parcs-et-jardins\/","og_locale":"fr_FR","og_type":"article","og_title":"Bulbes \u00e0 fleurs pour parcs et jardins | Ruigrok Flowerbulbs","og_description":"Les parcs et jardins publics sont l'endroit \u00e0 visiter pour les citadins \u00e0 tout moment au printemps pour voir des milliers de tulipes fleurir successivement avec des couleurs vibrantes.","og_url":"https:\/\/ruigrokflowerbulbs.com\/fr\/bulbes-en-gros\/bulbes-a-fleurs-pour-parcs-et-jardins\/","og_site_name":"Ruigrok Flowerbulbs","article_modified_time":"2024-06-18T11:42:34+00:00","twitter_card":"summary_large_image","twitter_misc":{"Dur\u00e9e de lecture estim\u00e9e":"3 minutes"},"schema":{"@context":"https:\/\/schema.org","@graph":[{"@type":"WebPage","@id":"https:\/\/ruigrokflowerbulbs.com\/fr\/bulbes-en-gros\/bulbes-a-fleurs-pour-parcs-et-jardins\/","url":"https:\/\/ruigrokflowerbulbs.com\/fr\/bulbes-en-gros\/bulbes-a-fleurs-pour-parcs-et-jardins\/","name":"Bulbes \u00e0 fleurs pour parcs et jardins | Ruigrok Flowerbulbs","isPartOf":{"@id":"https:\/\/ruigrokflowerbulbs.com\/fr\/#website"},"datePublished":"2020-04-07T12:25:39+00:00","dateModified":"2024-06-18T11:42:34+00:00","description":"Les parcs et jardins publics sont l'endroit \u00e0 visiter pour les citadins \u00e0 tout moment au printemps pour voir des milliers de tulipes fleurir successivement avec des couleurs vibrantes.","breadcrumb":{"@id":"https:\/\/ruigrokflowerbulbs.com\/fr\/bulbes-en-gros\/bulbes-a-fleurs-pour-parcs-et-jardins\/#breadcrumb"},"inLanguage":"fr-FR","potentialAction":[{"@type":"ReadAction","target":["https:\/\/ruigrokflowerbulbs.com\/fr\/bulbes-en-gros\/bulbes-a-fleurs-pour-parcs-et-jardins\/"]}]},{"@type":"BreadcrumbList","@id":"https:\/\/ruigrokflowerbulbs.com\/fr\/bulbes-en-gros\/bulbes-a-fleurs-pour-parcs-et-jardins\/#breadcrumb","itemListElement":[{"@type":"ListItem","position":1,"name":"Home","item":"https:\/\/ruigrokflowerbulbs.com\/fr\/"},{"@type":"ListItem","position":2,"name":"Grossiste","item":"https:\/\/ruigrokflowerbulbs.com\/fr\/bulbes-en-gros\/"},{"@type":"ListItem","position":3,"name":"Bulbes \u00e0 fleurs pour parcs et jardins"}]},{"@type":"WebSite","@id":"https:\/\/ruigrokflowerbulbs.com\/fr\/#website","url":"https:\/\/ruigrokflowerbulbs.com\/fr\/","name":"Ruigrok Flowerbulbs","description":"We are your expert for flower bulbs","publisher":{"@id":"https:\/\/ruigrokflowerbulbs.com\/fr\/#organization"},"potentialAction":[{"@type":"SearchAction","target":{"@type":"EntryPoint","urlTemplate":"https:\/\/ruigrokflowerbulbs.com\/fr\/?s={search_term_string}"},"query-input":{"@type":"PropertyValueSpecification","valueRequired":true,"valueName":"search_term_string"}}],"inLanguage":"fr-FR"},{"@type":"Organization","@id":"https:\/\/ruigrokflowerbulbs.com\/fr\/#organization","name":"Ruigrok Flowerbulbs","url":"https:\/\/ruigrokflowerbulbs.com\/fr\/","logo":{"@type":"ImageObject","inLanguage":"fr-FR","@id":"https:\/\/ruigrokflowerbulbs.com\/fr\/#\/schema\/logo\/image\/","url":"https:\/\/ruigrokflowerbulbs.com\/wp-content\/uploads\/2020\/04\/ruigrok-logo.png","contentUrl":"https:\/\/ruigrokflowerbulbs.com\/wp-content\/uploads\/2020\/04\/ruigrok-logo.png","width":164,"height":74,"caption":"Ruigrok Flowerbulbs"},"image":{"@id":"https:\/\/ruigrokflowerbulbs.com\/fr\/#\/schema\/logo\/image\/"}}]}},"_links":{"self":[{"href":"https:\/\/ruigrokflowerbulbs.com\/fr\/wp-json\/wp\/v2\/pages\/11924","targetHints":{"allow":["GET"]}}],"collection":[{"href":"https:\/\/ruigrokflowerbulbs.com\/fr\/wp-json\/wp\/v2\/pages"}],"about":[{"href":"https:\/\/ruigrokflowerbulbs.com\/fr\/wp-json\/wp\/v2\/types\/page"}],"author":[{"embeddable":true,"href":"https:\/\/ruigrokflowerbulbs.com\/fr\/wp-json\/wp\/v2\/users\/5530"}],"replies":[{"embeddable":true,"href":"https:\/\/ruigrokflowerbulbs.com\/fr\/wp-json\/wp\/v2\/comments?post=11924"}],"version-history":[{"count":4,"href":"https:\/\/ruigrokflowerbulbs.com\/fr\/wp-json\/wp\/v2\/pages\/11924\/revisions"}],"predecessor-version":[{"id":46497,"href":"https:\/\/ruigrokflowerbulbs.com\/fr\/wp-json\/wp\/v2\/pages\/11924\/revisions\/46497"}],"up":[{"embeddable":true,"href":"https:\/\/ruigrokflowerbulbs.com\/fr\/wp-json\/wp\/v2\/pages\/11796"}],"wp:attachment":[{"href":"https:\/\/ruigrokflowerbulbs.com\/fr\/wp-json\/wp\/v2\/media?parent=11924"}],"curies":[{"name":"wp","href":"https:\/\/api.w.org\/{rel}","templated":true}]}}