{"id":11934,"date":"2016-03-09T17:01:33","date_gmt":"2016-03-09T16:01:33","guid":{"rendered":"https:\/\/ruigrok.100test.nlbulbes-en-gros\/bulbes-pour-la-vente-au-detail\/"},"modified":"2024-06-17T21:02:27","modified_gmt":"2024-06-17T19:02:27","slug":"bulbes-pour-la-vente-au-detail","status":"publish","type":"page","link":"https:\/\/ruigrokflowerbulbs.com\/fr\/bulbes-en-gros\/bulbes-pour-la-vente-au-detail\/","title":{"rendered":"Bulbes pour la vente au d\u00e9tail"},"content":{"rendered":"<div class=\"wpb-content-wrapper\">[vc_section][vc_row][vc_column]<div class=\"vcex-spacing wpex-w-100 wpex-clear\" style=\"height:50px;\"><\/div>[\/vc_column][\/vc_row][vc_row][vc_column width=\u00a0\u00bb1\/2&Prime;]<h2 class=\"vcex-heading vcex-heading-plain vcex-module wpex-heading wpex-text-2xl\"><span class=\"vcex-heading-inner wpex-inline-block\">Nous sommes sp\u00e9cialis\u00e9s dans l'emballage de d\u00e9tail<br \/>\n<strong>pour les d\u00e9taillants ind\u00e9pendants<\/strong><\/span><\/h2><div class=\"vcex-spacing wpex-w-100 wpex-clear\"><\/div>[vc_column_text css=\u00a0\u00bb\u00a0\u00bb]Am\u00e9liorez vos offres de vente au d\u00e9tail et diff\u00e9renciez votre programme de la concurrence des grandes surfaces. Nos emballages de vente au d\u00e9tail ne contiennent que des ampoules de taille sup\u00e9rieure, ce qui garantit une qualit\u00e9 et des performances sup\u00e9rieures. Avec un emballage propre, color\u00e9 et unique, vous pouvez captiver et cr\u00e9er une identit\u00e9 distincte.<\/p>\n<p>Contrairement \u00e0 d&rsquo;autres fournisseurs de bulbes, nous donnons la priorit\u00e9 aux jardineries, aux fleuristes et aux quincailleries ind\u00e9pendantes dans l&rsquo;ensemble des \u00c9tats-Unis et du Canada. Nous ne vendons pas aux grandes surfaces. Personnalisez votre programme en fonction de vos sp\u00e9cifications en commandant des bulbes individuels en petites quantit\u00e9s minimales ou en s\u00e9lectionnant des pr\u00e9sentoirs de best-sellers. Faites \u00e9quipe avec nous pour am\u00e9liorer votre s\u00e9lection de bulbes de fleurs au d\u00e9tail et ravissez vos clients avec des bulbes exceptionnels qui produisent des fleurs de qualit\u00e9 sup\u00e9rieure![\/vc_column_text]<div class=\"vcex-spacing wpex-w-100 wpex-clear hidden-phone\" style=\"height:60px;\"><\/div>[\/vc_column][vc_column width=\u00a0\u00bb1\/2&Prime;]<figure class=\"vcex-image vcex-module\"><div class=\"vcex-image-inner wpex-relative wpex-inline-block\"><img width=\"575\" height=\"383\" src=\"https:\/\/ruigrokflowerbulbs.com\/wp-content\/uploads\/2020\/04\/2_Binbox_Retailprogram_RuigrokFlowerbulbs.jpg\" class=\"vcex-image-img wpex-align-middle\" alt=\"Bin box\" loading=\"lazy\" decoding=\"async\" srcset=\"https:\/\/ruigrokflowerbulbs.com\/wp-content\/uploads\/2020\/04\/2_Binbox_Retailprogram_RuigrokFlowerbulbs.jpg 575w, https:\/\/ruigrokflowerbulbs.com\/wp-content\/uploads\/2020\/04\/2_Binbox_Retailprogram_RuigrokFlowerbulbs-300x200.jpg 300w\" sizes=\"auto, (max-width: 575px) 100vw, 575px\" \/><\/div><\/figure>[\/vc_column][\/vc_row][vc_row][vc_column]<div class=\"vcex-spacing wpex-w-100 wpex-clear hidden-phone\"><\/div><h2 class=\"vcex-heading vcex-heading-plain vcex-module wpex-heading wpex-text-2xl\"><span class=\"vcex-heading-inner wpex-inline-block\">Un programme complet d'ampoules <strong>pour r\u00e9pondre \u00e0 vos besoins!<\/strong><\/span><\/h2>[vc_column_text css=\u00a0\u00bb\u00a0\u00bb]Nous disposons d&#8217;emballages de vente au d\u00e9tail adapt\u00e9s aux besoins d&rsquo;une grande vari\u00e9t\u00e9 de clients.[\/vc_column_text]<div class=\"vcex-spacing wpex-w-100 wpex-clear\"><\/div>[vc_column_text css=\u00a0\u00bb\u00a0\u00bb]1. <strong>Emballages pour la vente au d\u00e9tail<br \/>\n<\/strong><br \/>\nUn grand nombre de nos 450 vari\u00e9t\u00e9s sont disponibles dans des emballages de vente au d\u00e9tail. Ces vari\u00e9t\u00e9s peuvent \u00eatre command\u00e9es individuellement en petites quantit\u00e9s, ce qui vous permet de personnaliser votre propre pr\u00e9sentation de bulbes. Pour les clients qui pr\u00e9f\u00e8rent une solution toute faite, notre nouvelle collection pour magasins de d\u00e9tail comprend nos 40 meilleures ventes dans un pr\u00e9sentoir en bois r\u00e9utilisable. Les codes UPC figurent sur le devant de chaque emballage.<\/p>\n<p>2. <strong>Bo\u00eetes de pr\u00e9sentation pour bacs<\/strong><\/p>\n<p>Nos bo\u00eetes polyvalentes sont populaires aupr\u00e8s des jardineries ind\u00e9pendantes et des professionnels de l&rsquo;am\u00e9nagement paysager. Des \u00e9tiquettes d&rsquo;identification color\u00e9es sont incluses dans chaque bo\u00eete. Les consommateurs peuvent choisir leurs propres bulbes et d\u00e9chirer l&rsquo;\u00e9tiquette au fur et \u00e0 mesure. Tous les bulbes sont r\u00e9partis en six groupes de prix sugg\u00e9r\u00e9s qui correspondent \u00e0 la couleur de l&rsquo;\u00e9tiquette d&rsquo;identification de la plante, et les prix de d\u00e9tail sugg\u00e9r\u00e9s sont inclus dans chaque envoi. Les codes UPC figurent sur le devant de chaque bo\u00eete et au dos de chaque \u00e9tiquette.<\/p>\n<p>3. <strong>Plateaux en vrac<\/strong><\/p>\n<p>Id\u00e9ales pour les am\u00e9nagements paysagers et les plantations en masse, toutes les vari\u00e9t\u00e9s sont disponibles en plateaux en vrac \u00e0 des prix r\u00e9duits. Chaque plateau est accompagn\u00e9 d&rsquo;une carte d&rsquo;identification color\u00e9e.<\/p>\n<p>4. <strong>Paquets de valeur<\/strong><\/p>\n<p>Nos packs de valeur permettent aux jardineries ind\u00e9pendantes de rivaliser avec leurs voisins en proposant des bulbes de taille sup\u00e9rieure \u00e0 un prix comp\u00e9titif. Chaque vari\u00e9t\u00e9 est emball\u00e9e avec une carte illustr\u00e9e individuelle, un code CUP et un poster en couleur appos\u00e9 sur le devant du pr\u00e9sentoir. Les paquets de valeur contiennent 25 bulbes par paquet, 16 paquets par unit\u00e9.<\/p>\n<p>5. <strong>Sacs Jumbo pour le Paysage<\/strong><br \/>\nPopulaires aupr\u00e8s des propri\u00e9taires et des professionnels de l&rsquo;am\u00e9nagement paysager, ces articles contiennent 50 bulbes par sac netlon. Ils sont disponibles dans un pr\u00e9sentoir de palettes en bois ou sous forme de recharges de conteneurs de 8 sacs par unit\u00e9.[\/vc_column_text]<div class=\"vcex-spacing wpex-w-100 wpex-clear\" style=\"height:50px;\"><\/div>[vc_single_image image=\u00a0\u00bb46469&Prime; css=\u00a0\u00bb\u00a0\u00bb][\/vc_column][\/vc_row][\/vc_section][vc_section][vc_row][vc_column width=\u00a0\u00bb1\/2&Prime;][\/vc_column][vc_column width=\u00a0\u00bb1\/2&Prime;]<div class=\"vcex-spacing wpex-w-100 wpex-clear\"><\/div><h2 class=\"vcex-heading vcex-heading-plain vcex-module wpex-heading wpex-text-2xl\"><span class=\"vcex-heading-inner wpex-inline-block\">Commandez facilement vos ampoules de vente au d\u00e9tail<br \/>\n<strong>via notre boutique en ligne<\/strong><\/span><\/h2><div class=\"vcex-spacing wpex-w-100 wpex-clear\"><\/div>[vc_row_inner][vc_column_inner][vc_column_text css=\u00a0\u00bb\u00a0\u00bb]Parcourez notre boutique en ligne pour d\u00e9couvrir notre vaste assortiment de bulbes de fleurs au d\u00e9tail.[\/vc_column_text]<div class=\"vcex-spacing wpex-w-100 wpex-clear\" style=\"height:30px;\"><\/div><a href=\"https:\/\/ruigrokflowerbulbs.com\/fr\/produits\/\" class=\"vcex-button theme-button align-right inline\" title=\"More bulbs\"><span class=\"vcex-button-inner theme-button-inner wpex-flex wpex-flex-wrap wpex-items-center wpex-justify-center\">Consultez notre boutique en ligne<\/span><\/a> [\/vc_column_inner][\/vc_row_inner]<div class=\"vcex-spacing wpex-w-100 wpex-clear\" style=\"height:60px;\"><\/div>[\/vc_column][\/vc_row][\/vc_section][vc_section full_width=\u00a0\u00bbstretch_row\u00a0\u00bb css=\u00a0\u00bb.vc_custom_1585063262331{background-color: #edf2e4 !important;}\u00a0\u00bb][vc_row][vc_column]<div class=\"vcex-spacing wpex-w-100 wpex-clear\" style=\"height:50px;\"><\/div><h2 class=\"vcex-heading vcex-heading-plain vcex-module wpex-heading wpex-text-2xl\"><span class=\"vcex-heading-inner wpex-inline-block\">\u00c0 propos <strong>de livraison<\/strong><\/span><\/h2>[\/vc_column][\/vc_row][vc_row][vc_column width=\u00a0\u00bb1\/3&Prime;][vc_column_text]\n<h3>Commandez t\u00f4t<\/h3>\n<p>Plus vous commandez t\u00f4t, plus les vari\u00e9t\u00e9s de votre choix seront disponibles. Les premi\u00e8res commandes seront exp\u00e9di\u00e9es directement de notre ferme aux Pays-Bas. Bien s\u00fbr, nous veillerons \u00e0 ce que vous ne receviez pas votre commande avant que la temp\u00e9rature du sol ne soit inf\u00e9rieure \u00e0 55 \u00b0 F.[\/vc_column_text]<div class=\"vcex-spacing wpex-w-100 wpex-clear hidden-phone\" style=\"height:60px;\"><\/div>[\/vc_column][vc_column width=\u00a0\u00bb1\/3&Prime;][vc_column_text]\n<h3>Exp\u00e9dition le jour m\u00eame en USA<\/h3>\n<p>Notre entrep\u00f4t aux \u00c9tats-Unis, <a href=\"https:\/\/www.adrbulbs.com\/\" target=\"_blank\" rel=\"noopener noreferrer\">ADR Bulbs<\/a>, contient environ 75% de notre gamme de produits en stock et dispose d&rsquo;un inventaire d&rsquo;automne gigantesque. Les bulbes <a href=\"https:\/\/www.adrbulbs.com\/\" target=\"_blank\" rel=\"noopener noreferrer\">ADR<\/a> suffisent \u00e0 toutes les commandes de clients aux \u00c9tats-Unis plac\u00e9es apr\u00e8s le 15 septembre selon un calendrier d&rsquo;exp\u00e9dition le jour m\u00eame.[\/vc_column_text]<div class=\"vcex-spacing wpex-w-100 wpex-clear hidden-phone\" style=\"height:60px;\"><\/div>[\/vc_column][vc_column width=\u00a0\u00bb1\/3&Prime;][vc_column_text]\n<h3>Clients au Canada<\/h3>\n<p>Nous vous exp\u00e9dions directement depuis notre ferme aux Pays-Bas. En raison des difficult\u00e9s d&rsquo;exp\u00e9dition des produits \u00e9trangers des \u00c9tats-Unis au Canada, nous ne sommes pas en mesure de vous servir depuis notre entrep\u00f4t de New York. Veuillez nous contacter pour la disponibilit\u00e9 et les options d&rsquo;exp\u00e9dition \u00e0 tout moment.[\/vc_column_text]<div class=\"vcex-spacing wpex-w-100 wpex-clear hidden-phone\" style=\"height:60px;\"><\/div>[\/vc_column][\/vc_row][\/vc_section][vc_row][vc_column]<div class=\"vcex-spacing wpex-w-100 wpex-clear hidden-phone\" style=\"height:40px;\"><\/div>[\/vc_column][\/vc_row]\n<\/div>","protected":false},"excerpt":{"rendered":"<p>[vc_section][vc_row][vc_column][\/vc_column][\/vc_row][vc_row][vc_column width=\u00a0\u00bb1\/2&Prime;][vc_column_text css=\u00a0\u00bb\u00a0\u00bb]Am\u00e9liorez vos offres de vente au d\u00e9tail et diff\u00e9renciez votre programme de la concurrence des grandes surfaces. Nos emballages de vente au d\u00e9tail ne contiennent que des ampoules de taille sup\u00e9rieure, ce qui garantit une qualit\u00e9 et des performances sup\u00e9rieures. Avec un emballage propre, color\u00e9 et unique, vous pouvez captiver et cr\u00e9er une&hellip;<\/p>\n","protected":false},"author":5530,"featured_media":0,"parent":11796,"menu_order":0,"comment_status":"closed","ping_status":"closed","template":"","meta":{"_acf_changed":false,"inline_featured_image":false,"footnotes":""},"class_list":["post-11934","page","type-page","status-publish","hentry","entry","no-media"],"acf":[],"yoast_head":"<!-- This site is optimized with the Yoast SEO plugin v27.2 - https:\/\/yoast.com\/product\/yoast-seo-wordpress\/ -->\n<title>Bulbes pour la vente au d\u00e9tail | Ruigrok Flowerbulbs<\/title>\n<meta name=\"description\" content=\"Nous sommes sp\u00e9cialis\u00e9s dans l&#039;emballage de vente au d\u00e9tail pour les ind\u00e9pendants de la vente au d\u00e9tail\" \/>\n<meta name=\"robots\" content=\"index, follow, max-snippet:-1, max-image-preview:large, max-video-preview:-1\" \/>\n<link rel=\"canonical\" href=\"https:\/\/ruigrokflowerbulbs.com\/fr\/bulbes-en-gros\/bulbes-pour-la-vente-au-detail\/\" \/>\n<meta property=\"og:locale\" content=\"fr_FR\" \/>\n<meta property=\"og:type\" content=\"article\" \/>\n<meta property=\"og:title\" content=\"Bulbes pour la vente au d\u00e9tail | Ruigrok Flowerbulbs\" \/>\n<meta property=\"og:description\" content=\"Nous sommes sp\u00e9cialis\u00e9s dans l&#039;emballage de vente au d\u00e9tail pour les ind\u00e9pendants de la vente au d\u00e9tail\" \/>\n<meta property=\"og:url\" content=\"https:\/\/ruigrokflowerbulbs.com\/fr\/bulbes-en-gros\/bulbes-pour-la-vente-au-detail\/\" \/>\n<meta property=\"og:site_name\" content=\"Ruigrok Flowerbulbs\" \/>\n<meta property=\"article:modified_time\" content=\"2024-06-17T19:02:27+00:00\" \/>\n<meta name=\"twitter:card\" content=\"summary_large_image\" \/>\n<meta name=\"twitter:label1\" content=\"Dur\u00e9e de lecture estim\u00e9e\" \/>\n\t<meta name=\"twitter:data1\" content=\"5 minutes\" \/>\n<script type=\"application\/ld+json\" class=\"yoast-schema-graph\">{\"@context\":\"https:\/\/schema.org\",\"@graph\":[{\"@type\":\"WebPage\",\"@id\":\"https:\/\/ruigrokflowerbulbs.com\/fr\/bulbes-en-gros\/bulbes-pour-la-vente-au-detail\/\",\"url\":\"https:\/\/ruigrokflowerbulbs.com\/fr\/bulbes-en-gros\/bulbes-pour-la-vente-au-detail\/\",\"name\":\"Bulbes pour la vente au d\u00e9tail | Ruigrok Flowerbulbs\",\"isPartOf\":{\"@id\":\"https:\/\/ruigrokflowerbulbs.com\/fr\/#website\"},\"datePublished\":\"2016-03-09T16:01:33+00:00\",\"dateModified\":\"2024-06-17T19:02:27+00:00\",\"description\":\"Nous sommes sp\u00e9cialis\u00e9s dans l'emballage de vente au d\u00e9tail pour les ind\u00e9pendants de la vente au d\u00e9tail\",\"breadcrumb\":{\"@id\":\"https:\/\/ruigrokflowerbulbs.com\/fr\/bulbes-en-gros\/bulbes-pour-la-vente-au-detail\/#breadcrumb\"},\"inLanguage\":\"fr-FR\",\"potentialAction\":[{\"@type\":\"ReadAction\",\"target\":[\"https:\/\/ruigrokflowerbulbs.com\/fr\/bulbes-en-gros\/bulbes-pour-la-vente-au-detail\/\"]}]},{\"@type\":\"BreadcrumbList\",\"@id\":\"https:\/\/ruigrokflowerbulbs.com\/fr\/bulbes-en-gros\/bulbes-pour-la-vente-au-detail\/#breadcrumb\",\"itemListElement\":[{\"@type\":\"ListItem\",\"position\":1,\"name\":\"Home\",\"item\":\"https:\/\/ruigrokflowerbulbs.com\/fr\/\"},{\"@type\":\"ListItem\",\"position\":2,\"name\":\"Grossiste\",\"item\":\"https:\/\/ruigrokflowerbulbs.com\/fr\/bulbes-en-gros\/\"},{\"@type\":\"ListItem\",\"position\":3,\"name\":\"Bulbes pour la vente au d\u00e9tail\"}]},{\"@type\":\"WebSite\",\"@id\":\"https:\/\/ruigrokflowerbulbs.com\/fr\/#website\",\"url\":\"https:\/\/ruigrokflowerbulbs.com\/fr\/\",\"name\":\"Ruigrok Flowerbulbs\",\"description\":\"We are your expert for flower bulbs\",\"publisher\":{\"@id\":\"https:\/\/ruigrokflowerbulbs.com\/fr\/#organization\"},\"potentialAction\":[{\"@type\":\"SearchAction\",\"target\":{\"@type\":\"EntryPoint\",\"urlTemplate\":\"https:\/\/ruigrokflowerbulbs.com\/fr\/?s={search_term_string}\"},\"query-input\":{\"@type\":\"PropertyValueSpecification\",\"valueRequired\":true,\"valueName\":\"search_term_string\"}}],\"inLanguage\":\"fr-FR\"},{\"@type\":\"Organization\",\"@id\":\"https:\/\/ruigrokflowerbulbs.com\/fr\/#organization\",\"name\":\"Ruigrok Flowerbulbs\",\"url\":\"https:\/\/ruigrokflowerbulbs.com\/fr\/\",\"logo\":{\"@type\":\"ImageObject\",\"inLanguage\":\"fr-FR\",\"@id\":\"https:\/\/ruigrokflowerbulbs.com\/fr\/#\/schema\/logo\/image\/\",\"url\":\"https:\/\/ruigrokflowerbulbs.com\/wp-content\/uploads\/2020\/04\/ruigrok-logo.png\",\"contentUrl\":\"https:\/\/ruigrokflowerbulbs.com\/wp-content\/uploads\/2020\/04\/ruigrok-logo.png\",\"width\":164,\"height\":74,\"caption\":\"Ruigrok Flowerbulbs\"},\"image\":{\"@id\":\"https:\/\/ruigrokflowerbulbs.com\/fr\/#\/schema\/logo\/image\/\"}}]}<\/script>\n<!-- \/ Yoast SEO plugin. -->","yoast_head_json":{"title":"Bulbes pour la vente au d\u00e9tail | Ruigrok Flowerbulbs","description":"Nous sommes sp\u00e9cialis\u00e9s dans l'emballage de vente au d\u00e9tail pour les ind\u00e9pendants de la vente au d\u00e9tail","robots":{"index":"index","follow":"follow","max-snippet":"max-snippet:-1","max-image-preview":"max-image-preview:large","max-video-preview":"max-video-preview:-1"},"canonical":"https:\/\/ruigrokflowerbulbs.com\/fr\/bulbes-en-gros\/bulbes-pour-la-vente-au-detail\/","og_locale":"fr_FR","og_type":"article","og_title":"Bulbes pour la vente au d\u00e9tail | Ruigrok Flowerbulbs","og_description":"Nous sommes sp\u00e9cialis\u00e9s dans l'emballage de vente au d\u00e9tail pour les ind\u00e9pendants de la vente au d\u00e9tail","og_url":"https:\/\/ruigrokflowerbulbs.com\/fr\/bulbes-en-gros\/bulbes-pour-la-vente-au-detail\/","og_site_name":"Ruigrok Flowerbulbs","article_modified_time":"2024-06-17T19:02:27+00:00","twitter_card":"summary_large_image","twitter_misc":{"Dur\u00e9e de lecture estim\u00e9e":"5 minutes"},"schema":{"@context":"https:\/\/schema.org","@graph":[{"@type":"WebPage","@id":"https:\/\/ruigrokflowerbulbs.com\/fr\/bulbes-en-gros\/bulbes-pour-la-vente-au-detail\/","url":"https:\/\/ruigrokflowerbulbs.com\/fr\/bulbes-en-gros\/bulbes-pour-la-vente-au-detail\/","name":"Bulbes pour la vente au d\u00e9tail | Ruigrok Flowerbulbs","isPartOf":{"@id":"https:\/\/ruigrokflowerbulbs.com\/fr\/#website"},"datePublished":"2016-03-09T16:01:33+00:00","dateModified":"2024-06-17T19:02:27+00:00","description":"Nous sommes sp\u00e9cialis\u00e9s dans l'emballage de vente au d\u00e9tail pour les ind\u00e9pendants de la vente au d\u00e9tail","breadcrumb":{"@id":"https:\/\/ruigrokflowerbulbs.com\/fr\/bulbes-en-gros\/bulbes-pour-la-vente-au-detail\/#breadcrumb"},"inLanguage":"fr-FR","potentialAction":[{"@type":"ReadAction","target":["https:\/\/ruigrokflowerbulbs.com\/fr\/bulbes-en-gros\/bulbes-pour-la-vente-au-detail\/"]}]},{"@type":"BreadcrumbList","@id":"https:\/\/ruigrokflowerbulbs.com\/fr\/bulbes-en-gros\/bulbes-pour-la-vente-au-detail\/#breadcrumb","itemListElement":[{"@type":"ListItem","position":1,"name":"Home","item":"https:\/\/ruigrokflowerbulbs.com\/fr\/"},{"@type":"ListItem","position":2,"name":"Grossiste","item":"https:\/\/ruigrokflowerbulbs.com\/fr\/bulbes-en-gros\/"},{"@type":"ListItem","position":3,"name":"Bulbes pour la vente au d\u00e9tail"}]},{"@type":"WebSite","@id":"https:\/\/ruigrokflowerbulbs.com\/fr\/#website","url":"https:\/\/ruigrokflowerbulbs.com\/fr\/","name":"Ruigrok Flowerbulbs","description":"We are your expert for flower bulbs","publisher":{"@id":"https:\/\/ruigrokflowerbulbs.com\/fr\/#organization"},"potentialAction":[{"@type":"SearchAction","target":{"@type":"EntryPoint","urlTemplate":"https:\/\/ruigrokflowerbulbs.com\/fr\/?s={search_term_string}"},"query-input":{"@type":"PropertyValueSpecification","valueRequired":true,"valueName":"search_term_string"}}],"inLanguage":"fr-FR"},{"@type":"Organization","@id":"https:\/\/ruigrokflowerbulbs.com\/fr\/#organization","name":"Ruigrok Flowerbulbs","url":"https:\/\/ruigrokflowerbulbs.com\/fr\/","logo":{"@type":"ImageObject","inLanguage":"fr-FR","@id":"https:\/\/ruigrokflowerbulbs.com\/fr\/#\/schema\/logo\/image\/","url":"https:\/\/ruigrokflowerbulbs.com\/wp-content\/uploads\/2020\/04\/ruigrok-logo.png","contentUrl":"https:\/\/ruigrokflowerbulbs.com\/wp-content\/uploads\/2020\/04\/ruigrok-logo.png","width":164,"height":74,"caption":"Ruigrok Flowerbulbs"},"image":{"@id":"https:\/\/ruigrokflowerbulbs.com\/fr\/#\/schema\/logo\/image\/"}}]}},"_links":{"self":[{"href":"https:\/\/ruigrokflowerbulbs.com\/fr\/wp-json\/wp\/v2\/pages\/11934","targetHints":{"allow":["GET"]}}],"collection":[{"href":"https:\/\/ruigrokflowerbulbs.com\/fr\/wp-json\/wp\/v2\/pages"}],"about":[{"href":"https:\/\/ruigrokflowerbulbs.com\/fr\/wp-json\/wp\/v2\/types\/page"}],"author":[{"embeddable":true,"href":"https:\/\/ruigrokflowerbulbs.com\/fr\/wp-json\/wp\/v2\/users\/5530"}],"replies":[{"embeddable":true,"href":"https:\/\/ruigrokflowerbulbs.com\/fr\/wp-json\/wp\/v2\/comments?post=11934"}],"version-history":[{"count":3,"href":"https:\/\/ruigrokflowerbulbs.com\/fr\/wp-json\/wp\/v2\/pages\/11934\/revisions"}],"predecessor-version":[{"id":46475,"href":"https:\/\/ruigrokflowerbulbs.com\/fr\/wp-json\/wp\/v2\/pages\/11934\/revisions\/46475"}],"up":[{"embeddable":true,"href":"https:\/\/ruigrokflowerbulbs.com\/fr\/wp-json\/wp\/v2\/pages\/11796"}],"wp:attachment":[{"href":"https:\/\/ruigrokflowerbulbs.com\/fr\/wp-json\/wp\/v2\/media?parent=11934"}],"curies":[{"name":"wp","href":"https:\/\/api.w.org\/{rel}","templated":true}]}}