{"id":12056,"date":"2016-02-09T15:46:43","date_gmt":"2016-02-09T14:46:43","guid":{"rendered":"https:\/\/ruigrok.100test.nla-propos-de-nous\/"},"modified":"2024-06-17T19:45:57","modified_gmt":"2024-06-17T17:45:57","slug":"a-propos-de-nous","status":"publish","type":"page","link":"https:\/\/ruigrokflowerbulbs.com\/fr\/a-propos-de-nous\/","title":{"rendered":"A propos"},"content":{"rendered":"<div class=\"wpb-content-wrapper\">[vc_section][vc_row][vc_column]<div class=\"vcex-spacing wpex-w-100 wpex-clear\" style=\"height:50px;\"><\/div>[vc_column_text css=\u00a0\u00bb\u00a0\u00bb]Bienvenue sur le site web de Ruigrok Flowerbulbs, votre fournisseur de bulbes de fleurs en gros des Pays-Bas ! Nous sommes sp\u00e9cialis\u00e9s dans la culture et le commerce de bulbes de fleurs pour le march\u00e9 de gros nord-am\u00e9ricain et nous sommes fiers de nous appeler les fournisseurs du printemps.[\/vc_column_text][\/vc_column][\/vc_row][vc_row][vc_column width=\u00a0\u00bb1\/2&Prime;]<h2 class=\"vcex-heading vcex-heading-plain vcex-module wpex-heading wpex-text-2xl\"><span class=\"vcex-heading-inner wpex-inline-block\">Nos racines <strong>profondes<\/strong><\/span><\/h2><div class=\"vcex-spacing wpex-w-100 wpex-clear\"><\/div>[vc_column_text css=\u00a0\u00bb\u00a0\u00bb]En 1880, Willem Ruigrok a commenc\u00e9 \u00e0 cultiver des fruits et des l\u00e9gumes \u00e0 De Zilk, aux Pays-Bas, dans ce qui allait devenir le c\u0153ur de l&rsquo;actuel quartier n\u00e9erlandais des bulbes \u00e0 fleurs. \u00c0 la m\u00eame \u00e9poque, il a \u00e9galement cr\u00e9\u00e9 une petite p\u00e9pini\u00e8re de bulbes de fleurs. C&rsquo;est en 1990 que nous avons commenc\u00e9 \u00e0 cultiver des bulbes de tulipe et \u00e0 en faire le commerce \u00e0 un niveau professionnel, ce qui a marqu\u00e9 le d\u00e9but d&rsquo;une entreprise familiale florissante![\/vc_column_text]<div class=\"vcex-spacing wpex-w-100 wpex-clear\"><\/div><a href=\"\/fr\/our-roots\/\" class=\"vcex-button theme-button align-left inline\"><span class=\"vcex-button-inner theme-button-inner wpex-flex wpex-flex-wrap wpex-items-center wpex-justify-center\">Notre histoire<\/span><\/a> <div class=\"vcex-spacing wpex-w-100 wpex-clear hidden-phone\" style=\"height:60px;\"><\/div>[\/vc_column][vc_column width=\u00a0\u00bb1\/2&Prime;]<figure class=\"vcex-image vcex-module\"><div class=\"vcex-image-inner wpex-relative wpex-inline-block\"><img width=\"575\" height=\"383\" src=\"https:\/\/ruigrokflowerbulbs.com\/wp-content\/uploads\/2020\/04\/1_History_RuigrokFlowerbulbs.jpg\" class=\"vcex-image-img wpex-align-middle\" alt=\"History Ruigrok Flowerbulbs\" loading=\"lazy\" decoding=\"async\" srcset=\"https:\/\/ruigrokflowerbulbs.com\/wp-content\/uploads\/2020\/04\/1_History_RuigrokFlowerbulbs.jpg 575w, https:\/\/ruigrokflowerbulbs.com\/wp-content\/uploads\/2020\/04\/1_History_RuigrokFlowerbulbs-300x200.jpg 300w\" sizes=\"auto, (max-width: 575px) 100vw, 575px\" \/><\/div><\/figure>[\/vc_column][\/vc_row][\/vc_section][vc_section][vc_row][vc_column]<div class=\"vcex-spacing wpex-w-100 wpex-clear hidden-phone\"><\/div>[\/vc_column][\/vc_row][vc_row][vc_column width=\u00a0\u00bb1\/2&Prime;]<figure class=\"vcex-image vcex-module\"><div class=\"vcex-image-inner wpex-relative wpex-inline-block\"><img width=\"575\" height=\"383\" src=\"https:\/\/ruigrokflowerbulbs.com\/wp-content\/uploads\/2024\/06\/2_About-Ruigrok.jpg\" class=\"vcex-image-img wpex-align-middle\" alt=\"Experts Ruigrok Flowerbulbs\" loading=\"lazy\" decoding=\"async\" srcset=\"https:\/\/ruigrokflowerbulbs.com\/wp-content\/uploads\/2024\/06\/2_About-Ruigrok.jpg 575w, https:\/\/ruigrokflowerbulbs.com\/wp-content\/uploads\/2024\/06\/2_About-Ruigrok-300x200.jpg 300w\" sizes=\"auto, (max-width: 575px) 100vw, 575px\" \/><\/div><\/figure>[\/vc_column][vc_column width=\u00a0\u00bb1\/2&Prime;]<h2 class=\"vcex-heading vcex-heading-plain vcex-module wpex-heading wpex-text-2xl\"><span class=\"vcex-heading-inner wpex-inline-block\">Nous sommes vos <strong>expertes de bulbes<\/strong><\/span><\/h2><div class=\"vcex-spacing wpex-w-100 wpex-clear\"><\/div>[vc_column_text css=\u00a0\u00bb\u00a0\u00bb]Aujourd&rsquo;hui, Ruigrok Flowerbulbs est dirig\u00e9e par Simon et Lian et leurs fils Carlo et Philip Ruigrok. En tant que cultivateurs de bulbes de la cinqui\u00e8me g\u00e9n\u00e9ration, nous sommes fiers de dire que nous poss\u00e9dons toutes les connaissances et l&rsquo;exp\u00e9rience n\u00e9cessaires pour g\u00e9rer une p\u00e9pini\u00e8re de bulbes de fleurs et une soci\u00e9t\u00e9 d&rsquo;exportation prosp\u00e8res.<\/p>\n<p>Nous cultivons actuellement plus de 300 acres de tulipes, de jacinthes et de narcisses sur plusieurs sites dans la r\u00e9gion n\u00e9erlandaise des bulbes \u00e0 fleurs, l&rsquo;endroit id\u00e9al pour cultiver des bulbes \u00e0 fleurs. Notre sp\u00e9cialit\u00e9 est la culture des bulbes de tulipes Darwin Hybrid et Triumph et des jacinthes orientales. Toutes les autres vari\u00e9t\u00e9s de notre assortiment sont achet\u00e9es aupr\u00e8s de producteurs partenaires remarquables. Cela nous permet d&rsquo;offrir l&rsquo;assortiment de bulbes \u00e0 floraison printani\u00e8re le plus vaste du secteur. Des bulbes de taille optimale et de qualit\u00e9 sup\u00e9rieure en permanence.[\/vc_column_text]<div class=\"vcex-spacing wpex-w-100 wpex-clear\"><\/div><a href=\"\/fr\/notre-ferme-de-bulbes-a-fleurs-au-pays-bas\/\" class=\"vcex-button theme-button align-left inline\"><span class=\"vcex-button-inner theme-button-inner wpex-flex wpex-flex-wrap wpex-items-center wpex-justify-center\">D\u00e9couvrez notre ferme familiale<\/span><\/a> <div class=\"vcex-spacing wpex-w-100 wpex-clear hidden-phone\" style=\"height:60px;\"><\/div>[\/vc_column][\/vc_row][\/vc_section][vc_row][vc_column]<div class=\"vcex-spacing wpex-w-100 wpex-clear\"><\/div>[\/vc_column][\/vc_row][vc_section full_width=\u00a0\u00bbstretch_row\u00a0\u00bb css=\u00a0\u00bb.vc_custom_1585063262331{background-color: #edf2e4 !important;}\u00a0\u00bb][vc_row][vc_column]<div class=\"vcex-spacing wpex-w-100 wpex-clear\" style=\"height:50px;\"><\/div>[\/vc_column][\/vc_row][vc_row][vc_column width=\u00a0\u00bb2\/3&Prime;]<h2 class=\"vcex-heading vcex-heading-plain vcex-module wpex-heading wpex-text-2xl\"><span class=\"vcex-heading-inner wpex-inline-block\">Leaders du march\u00e9 <strong>nord-am\u00e9ricain<\/strong><\/span><\/h2><div class=\"vcex-spacing wpex-w-100 wpex-clear\"><\/div>[vc_column_text css=\u00a0\u00bb\u00a0\u00bb]The United States and Canada are our most important markets. We\u2019ve been shipping bulbs to the North American market since 1946 and have grown to one of the biggest flower bulbs suppliers in the US today, shipping millions of bulbs every year. We ship our flower bulbs directly from our warehouse in the Netherlands to your doorstep and carry the industry\u2019s largest fall bulb inventory with our partner ADR Bulbs in Chester, NY. The ideal location for quick delivery throughout the East Coast.<\/p>\n<p>All of our bulbs and tubers are top size only and go thru a rigorous inspection process (including MRI scanning and USDA and Canadian pre-inspection) prior to export.[\/vc_column_text]<div class=\"vcex-spacing wpex-w-100 wpex-clear\"><\/div><a href=\"\/fr\/products\" class=\"vcex-button theme-button align-left inline\"><span class=\"vcex-button-inner theme-button-inner wpex-flex wpex-flex-wrap wpex-items-center wpex-justify-center\">Parcourir nos produits<\/span><\/a> <div class=\"vcex-spacing wpex-w-100 wpex-clear\" style=\"height:60px;\"><\/div>[\/vc_column][vc_column width=\u00a0\u00bb1\/3&Prime;][vc_single_image image=\u00a0\u00bb11547&Prime;]<div class=\"vcex-spacing wpex-w-100 wpex-clear\" style=\"height:60px;\"><\/div>[\/vc_column][\/vc_row][\/vc_section][vc_section][vc_row][vc_column]<div class=\"vcex-spacing wpex-w-100 wpex-clear\" style=\"height:50px;\"><\/div><h2 class=\"vcex-heading vcex-heading-plain vcex-module wpex-heading wpex-text-2xl\"><span class=\"vcex-heading-inner wpex-inline-block\">Nos <strong>normes<\/strong><\/span><\/h2><div class=\"vcex-spacing wpex-w-100 wpex-clear\"><\/div>[vc_column_text css=\u00a0\u00bb\u00a0\u00bb]En tant que fournisseur digne de confiance, vous pouvez compter sur nous ! Nous maintiendrons toujours nos normes \u00e9lev\u00e9es.[\/vc_column_text]<div class=\"vcex-spacing wpex-w-100 wpex-clear\" style=\"height:50px;\"><\/div>[\/vc_column][\/vc_row][vc_row][vc_column width=\u00a0\u00bb1\/2&Prime;]<h2 class=\"vcex-heading vcex-heading-plain vcex-module wpex-heading wpex-text-2xl\"><span class=\"vcex-heading-inner wpex-inline-block\">Taille sup\u00e9rieure, <strong>qualit\u00e9 sup\u00e9rieure<\/strong><\/span><\/h2><div class=\"vcex-spacing wpex-w-100 wpex-clear\"><\/div>[vc_column_text css=\u00a0\u00bb\u00a0\u00bb]Ruigrok Flowerbulbs ne vend que des ampoules de qualit\u00e9 et de taille sup\u00e9rieures. Nous croyons en : \u00ab\u00a0plus c&rsquo;est gros, mieux c&rsquo;est\u00a0\u00bb : Nos tulipes, par exemple, sont de taille 12\/+, nos jonquilles de taille 14\/16 ou 12\/14 et nos jacinthes de taille 16\/17. Tous nos bulbes sont soumis \u00e0 un contr\u00f4le de qualit\u00e9 effectu\u00e9 par notre personnel \u00e0 l&rsquo;aide des techniques et des machines les plus modernes. Les bulbes sont inspect\u00e9s par les d\u00e9partements de l&rsquo;agriculture des Pays-Bas, du Canada et des \u00c9tats-Unis avant d&rsquo;\u00eatre export\u00e9s.<\/p>\n<p>Nous soutenons nos produits \u00e0 100 % et garantissons qu&rsquo;ils arriveront dans des conditions optimales et qu&rsquo;ils vous donneront des r\u00e9sultats de culture optimaux. Si ce n&rsquo;est pas le cas, nous les rempla\u00e7ons sans poser de questions.[\/vc_column_text]<div class=\"vcex-spacing wpex-w-100 wpex-clear hidden-phone\" style=\"height:60px;\"><\/div>[\/vc_column][vc_column width=\u00a0\u00bb1\/2&Prime;]<figure class=\"vcex-image vcex-module\"><div class=\"vcex-image-inner wpex-relative wpex-inline-block\"><img width=\"575\" height=\"383\" src=\"https:\/\/ruigrokflowerbulbs.com\/wp-content\/uploads\/2020\/04\/2_Topbulbs_RuigrokFlowerbulbs.jpg\" class=\"vcex-image-img wpex-align-middle\" alt=\"Top quality bulbs\" loading=\"lazy\" decoding=\"async\" srcset=\"https:\/\/ruigrokflowerbulbs.com\/wp-content\/uploads\/2020\/04\/2_Topbulbs_RuigrokFlowerbulbs.jpg 575w, https:\/\/ruigrokflowerbulbs.com\/wp-content\/uploads\/2020\/04\/2_Topbulbs_RuigrokFlowerbulbs-300x200.jpg 300w\" sizes=\"auto, (max-width: 575px) 100vw, 575px\" \/><\/div><\/figure>[\/vc_column][\/vc_row][\/vc_section][vc_section][vc_row][vc_column]<div class=\"vcex-spacing wpex-w-100 wpex-clear\" style=\"height:50px;\"><\/div>[\/vc_column][\/vc_row][vc_row][vc_column width=\u00a0\u00bb1\/2&Prime;]<figure class=\"vcex-image vcex-module\"><div class=\"vcex-image-inner wpex-relative wpex-inline-block\"><img width=\"575\" height=\"383\" src=\"https:\/\/ruigrokflowerbulbs.com\/wp-content\/uploads\/2020\/04\/5_Service_RuigrokFlowerbulbs-1.jpg\" class=\"vcex-image-img wpex-align-middle\" alt=\"Excellent Service\" loading=\"lazy\" decoding=\"async\" srcset=\"https:\/\/ruigrokflowerbulbs.com\/wp-content\/uploads\/2020\/04\/5_Service_RuigrokFlowerbulbs-1.jpg 575w, https:\/\/ruigrokflowerbulbs.com\/wp-content\/uploads\/2020\/04\/5_Service_RuigrokFlowerbulbs-1-300x200.jpg 300w\" sizes=\"auto, (max-width: 575px) 100vw, 575px\" \/><\/div><\/figure>[\/vc_column][vc_column width=\u00a0\u00bb1\/2&Prime;]<h2 class=\"vcex-heading vcex-heading-plain vcex-module wpex-heading wpex-text-2xl\"><span class=\"vcex-heading-inner wpex-inline-block\">Une Service <strong>Excellent<\/strong><\/span><\/h2><div class=\"vcex-spacing wpex-w-100 wpex-clear\"><\/div>[vc_column_text css=\u00a0\u00bb\u00a0\u00bb]Ruigrok Flowerbulbs a \u00e9t\u00e9 et restera une entreprise familiale, conservant toujours l&rsquo;expertise, les connaissances et le service de la famille. Notre objectif est d&rsquo;\u00e9tablir des relations \u00e0 long terme avec nos clients. Offrir une grande qualit\u00e9 et un grand service \u00e0 nos clients a \u00e9t\u00e9 notre priorit\u00e9 num\u00e9ro 1 depuis le premier jour, et cela ne changera jamais.<\/p>\n<p>Nous connaissons bien la culture des bulbes et nous partagerons nos connaissances avec nos clients pour qu&rsquo;ils obtiennent les meilleurs r\u00e9sultats. Nous pouvons vous aider \u00e0 composer votre programme de for\u00e7age en serre, ou \u00e0 s\u00e9lectionner les meilleurs cultivars pour votre projet d&rsquo;am\u00e9nagement paysager.[\/vc_column_text]<div class=\"vcex-spacing wpex-w-100 wpex-clear hidden-phone\" style=\"height:60px;\"><\/div>[\/vc_column][\/vc_row][\/vc_section][vc_section][vc_row][vc_column]<div class=\"vcex-spacing wpex-w-100 wpex-clear hidden-phone\" style=\"height:50px;\"><\/div>[\/vc_column][\/vc_row][vc_row columns_right=\u00a0\u00bbyes\u00a0\u00bb][vc_column width=\u00a0\u00bb1\/2&Prime;]<figure class=\"vcex-image vcex-module\"><div class=\"vcex-image-inner wpex-relative wpex-inline-block\"><img width=\"575\" height=\"383\" src=\"https:\/\/ruigrokflowerbulbs.com\/wp-content\/uploads\/2020\/04\/3_Future_RuigrokFlowerbulbs.jpg\" class=\"vcex-image-img wpex-align-middle\" alt=\"Ready for the future\" loading=\"lazy\" decoding=\"async\" srcset=\"https:\/\/ruigrokflowerbulbs.com\/wp-content\/uploads\/2020\/04\/3_Future_RuigrokFlowerbulbs.jpg 575w, https:\/\/ruigrokflowerbulbs.com\/wp-content\/uploads\/2020\/04\/3_Future_RuigrokFlowerbulbs-300x200.jpg 300w\" sizes=\"auto, (max-width: 575px) 100vw, 575px\" \/><\/div><\/figure>[\/vc_column][vc_column width=\u00a0\u00bb1\/2&Prime;]<h2 class=\"vcex-heading vcex-heading-plain vcex-module wpex-heading wpex-text-2xl\"><span class=\"vcex-heading-inner wpex-inline-block\">Pratique <strong>durable<\/strong><\/span><\/h2><div class=\"vcex-spacing wpex-w-100 wpex-clear\"><\/div>[vc_column_text css=\u00a0\u00bb\u00a0\u00bb]Pour l&rsquo;avenir, nous avons install\u00e9 un total de 3 500 panneaux solaires sur le toit de nos entrep\u00f4ts, qui produisent chaque ann\u00e9e environ 12,5 m\u00e9ga watts d&rsquo;\u00e9lectricit\u00e9. Notre nouvel \u00e9changeur de chaleur nous aidera \u00e0 chauffer nos installations de stockage de bulbes avec de l&rsquo;\u00e9nergie durable. Certifi\u00e9s MPS, nous contr\u00f4lons nos processus de travail afin de garantir les conditions de travail et la s\u00e9curit\u00e9 de l&rsquo;environnement.<\/p>\n<p>Nos ampoules ne sont pas trait\u00e9es avec des n\u00e9onicotino\u00efdes. L&rsquo;utilisation des pesticides est fortement r\u00e9glement\u00e9e aux Pays-Bas et des recherches approfondies ont \u00e9t\u00e9 men\u00e9es sur ce sujet. Nous garantissons \u00e0 100 % que nos bulbes sont viables, sains et exempts d&rsquo;insectes nuisibles et de maladies d\u00e8s leur r\u00e9ception. Nous garantissons que tous nos bulbes sont issus de stocks cultiv\u00e9s.<\/p>\n<p>Nous utilisons des techniques de pointe sur le terrain et dans nos entrep\u00f4ts et nous innovons constamment, afin que la ou les prochaines g\u00e9n\u00e9rations de Ruigroks puissent continuer \u00e0 mettre tout leur amour et leurs efforts dans notre h\u00e9ritage.[\/vc_column_text]<div class=\"vcex-spacing wpex-w-100 wpex-clear hidden-phone\" style=\"height:60px;\"><\/div>[\/vc_column][\/vc_row][\/vc_section][vc_section full_width=\u00a0\u00bbstretch_row\u00a0\u00bb css=\u00a0\u00bb.vc_custom_1585063262331{background-color: #edf2e4 !important;}\u00a0\u00bb][vc_row][vc_column]<div class=\"vcex-spacing wpex-w-100 wpex-clear\" style=\"height:50px;\"><\/div><h2 class=\"vcex-heading vcex-heading-plain vcex-module wpex-heading wpex-text-2xl\"><span class=\"vcex-heading-inner wpex-inline-block\">\u00c0 propos <strong>de livraison<\/strong><\/span><\/h2>[\/vc_column][\/vc_row][vc_row][vc_column width=\u00a0\u00bb1\/3&Prime;][vc_column_text]\n<h3>Exp\u00e9dition des bulbes en Automne<\/h3>\n<p>Plus vous commandez t\u00f4t, plus les vari\u00e9t\u00e9s de votre choix seront disponibles. Les premi\u00e8res commandes seront exp\u00e9di\u00e9es directement de notre ferme aux Pays-Bas. Bien s\u00fbr, nous veillerons \u00e0 ce que vous ne receviez pas votre commande avant que la temp\u00e9rature du sol ne soit inf\u00e9rieure \u00e0 55 \u00b0 F.[\/vc_column_text]<div class=\"vcex-spacing wpex-w-100 wpex-clear hidden-phone\" style=\"height:60px;\"><\/div>[\/vc_column][vc_column width=\u00a0\u00bb1\/3&Prime;][vc_column_text]\n<h3>Exp\u00e9dition le jour m\u00eame en USA<\/h3>\n<p>Notre entrep\u00f4t aux \u00c9tats-Unis, <a href=\"https:\/\/www.adrbulbs.com\/\" target=\"_blank\" rel=\"noopener noreferrer\">ADR Bulbs<\/a>, contient environ 75% de notre gamme de produits en stock et dispose d&rsquo;un inventaire d&rsquo;automne gigantesque. Les bulbes <a href=\"https:\/\/www.adrbulbs.com\/\" target=\"_blank\" rel=\"noopener noreferrer\">ADR<\/a> suffisent \u00e0 toutes les commandes de clients aux \u00c9tats-Unis plac\u00e9es apr\u00e8s le 15 septembre selon un calendrier d&rsquo;exp\u00e9dition le jour m\u00eame.[\/vc_column_text]<div class=\"vcex-spacing wpex-w-100 wpex-clear hidden-phone\" style=\"height:60px;\"><\/div>[\/vc_column][vc_column width=\u00a0\u00bb1\/3&Prime;][vc_column_text]\n<h3>Clients au Canada<\/h3>\n<p>Nous vous exp\u00e9dions directement depuis notre ferme aux Pays-Bas. En raison des difficult\u00e9s d&rsquo;exp\u00e9dition des produits \u00e9trangers des \u00c9tats-Unis au Canada, nous ne sommes pas en mesure de vous servir depuis notre entrep\u00f4t de New York. Veuillez nous contacter pour la disponibilit\u00e9 et les options d&rsquo;exp\u00e9dition \u00e0 tout moment.[\/vc_column_text]<div class=\"vcex-spacing wpex-w-100 wpex-clear hidden-phone\" style=\"height:60px;\"><\/div>[\/vc_column][\/vc_row][\/vc_section]\n<\/div>","protected":false},"excerpt":{"rendered":"<p>[vc_section][vc_row][vc_column][vc_column_text css=\u00a0\u00bb\u00a0\u00bb]Bienvenue sur le site web de Ruigrok Flowerbulbs, votre fournisseur de bulbes de fleurs en gros des Pays-Bas ! Nous sommes sp\u00e9cialis\u00e9s dans la culture et le commerce de bulbes de fleurs pour le march\u00e9 de gros nord-am\u00e9ricain et nous sommes fiers de nous appeler les fournisseurs du printemps.[\/vc_column_text][\/vc_column][\/vc_row][vc_row][vc_column width=\u00a0\u00bb1\/2&Prime;][vc_column_text css=\u00a0\u00bb\u00a0\u00bb]En 1880, Willem Ruigrok&hellip;<\/p>\n","protected":false},"author":5530,"featured_media":0,"parent":0,"menu_order":0,"comment_status":"closed","ping_status":"closed","template":"","meta":{"_acf_changed":false,"inline_featured_image":false,"footnotes":""},"class_list":["post-12056","page","type-page","status-publish","hentry","entry","no-media"],"acf":[],"yoast_head":"<!-- This site is optimized with the Yoast SEO plugin v27.5 - https:\/\/yoast.com\/product\/yoast-seo-wordpress\/ -->\n<title>Nous sommes vous experts en bulbes \u00e0 fleurs | Ruigrok Flowerbulbs<\/title>\n<meta name=\"description\" content=\"Nous avons des racines profondes. Avec plus de 100 ans d&#039;exp\u00e9rience dans la culture et la commercialisation de bulbes \u00e0 fleurs, nous sommes heureux de nous appeler experts en bulbes.\" \/>\n<meta name=\"robots\" content=\"index, follow, max-snippet:-1, max-image-preview:large, max-video-preview:-1\" \/>\n<link rel=\"canonical\" href=\"https:\/\/ruigrokflowerbulbs.com\/fr\/a-propos-de-nous\/\" \/>\n<meta property=\"og:locale\" content=\"fr_FR\" \/>\n<meta property=\"og:type\" content=\"article\" \/>\n<meta property=\"og:title\" content=\"Nous sommes vous experts en bulbes \u00e0 fleurs | Ruigrok Flowerbulbs\" \/>\n<meta property=\"og:description\" content=\"Nous avons des racines profondes. Avec plus de 100 ans d&#039;exp\u00e9rience dans la culture et la commercialisation de bulbes \u00e0 fleurs, nous sommes heureux de nous appeler experts en bulbes.\" \/>\n<meta property=\"og:url\" content=\"https:\/\/ruigrokflowerbulbs.com\/fr\/a-propos-de-nous\/\" \/>\n<meta property=\"og:site_name\" content=\"Ruigrok Flowerbulbs\" \/>\n<meta property=\"article:modified_time\" content=\"2024-06-17T17:45:57+00:00\" \/>\n<meta name=\"twitter:card\" content=\"summary_large_image\" \/>\n<meta name=\"twitter:label1\" content=\"Dur\u00e9e de lecture estim\u00e9e\" \/>\n\t<meta name=\"twitter:data1\" content=\"6 minutes\" \/>\n<script type=\"application\/ld+json\" class=\"yoast-schema-graph\">{\"@context\":\"https:\\\/\\\/schema.org\",\"@graph\":[{\"@type\":\"WebPage\",\"@id\":\"https:\\\/\\\/ruigrokflowerbulbs.com\\\/fr\\\/a-propos-de-nous\\\/\",\"url\":\"https:\\\/\\\/ruigrokflowerbulbs.com\\\/fr\\\/a-propos-de-nous\\\/\",\"name\":\"Nous sommes vous experts en bulbes \u00e0 fleurs | Ruigrok Flowerbulbs\",\"isPartOf\":{\"@id\":\"https:\\\/\\\/ruigrokflowerbulbs.com\\\/fr\\\/#website\"},\"datePublished\":\"2016-02-09T14:46:43+00:00\",\"dateModified\":\"2024-06-17T17:45:57+00:00\",\"description\":\"Nous avons des racines profondes. Avec plus de 100 ans d'exp\u00e9rience dans la culture et la commercialisation de bulbes \u00e0 fleurs, nous sommes heureux de nous appeler experts en bulbes.\",\"breadcrumb\":{\"@id\":\"https:\\\/\\\/ruigrokflowerbulbs.com\\\/fr\\\/a-propos-de-nous\\\/#breadcrumb\"},\"inLanguage\":\"fr-FR\",\"potentialAction\":[{\"@type\":\"ReadAction\",\"target\":[\"https:\\\/\\\/ruigrokflowerbulbs.com\\\/fr\\\/a-propos-de-nous\\\/\"]}]},{\"@type\":\"BreadcrumbList\",\"@id\":\"https:\\\/\\\/ruigrokflowerbulbs.com\\\/fr\\\/a-propos-de-nous\\\/#breadcrumb\",\"itemListElement\":[{\"@type\":\"ListItem\",\"position\":1,\"name\":\"Home\",\"item\":\"https:\\\/\\\/ruigrokflowerbulbs.com\\\/fr\\\/\"},{\"@type\":\"ListItem\",\"position\":2,\"name\":\"A propos\"}]},{\"@type\":\"WebSite\",\"@id\":\"https:\\\/\\\/ruigrokflowerbulbs.com\\\/fr\\\/#website\",\"url\":\"https:\\\/\\\/ruigrokflowerbulbs.com\\\/fr\\\/\",\"name\":\"Ruigrok Flowerbulbs\",\"description\":\"We are your expert for flower bulbs\",\"publisher\":{\"@id\":\"https:\\\/\\\/ruigrokflowerbulbs.com\\\/fr\\\/#organization\"},\"potentialAction\":[{\"@type\":\"SearchAction\",\"target\":{\"@type\":\"EntryPoint\",\"urlTemplate\":\"https:\\\/\\\/ruigrokflowerbulbs.com\\\/fr\\\/?s={search_term_string}\"},\"query-input\":{\"@type\":\"PropertyValueSpecification\",\"valueRequired\":true,\"valueName\":\"search_term_string\"}}],\"inLanguage\":\"fr-FR\"},{\"@type\":\"Organization\",\"@id\":\"https:\\\/\\\/ruigrokflowerbulbs.com\\\/fr\\\/#organization\",\"name\":\"Ruigrok Flowerbulbs\",\"url\":\"https:\\\/\\\/ruigrokflowerbulbs.com\\\/fr\\\/\",\"logo\":{\"@type\":\"ImageObject\",\"inLanguage\":\"fr-FR\",\"@id\":\"https:\\\/\\\/ruigrokflowerbulbs.com\\\/fr\\\/#\\\/schema\\\/logo\\\/image\\\/\",\"url\":\"https:\\\/\\\/ruigrokflowerbulbs.com\\\/wp-content\\\/uploads\\\/2020\\\/04\\\/ruigrok-logo.png\",\"contentUrl\":\"https:\\\/\\\/ruigrokflowerbulbs.com\\\/wp-content\\\/uploads\\\/2020\\\/04\\\/ruigrok-logo.png\",\"width\":164,\"height\":74,\"caption\":\"Ruigrok Flowerbulbs\"},\"image\":{\"@id\":\"https:\\\/\\\/ruigrokflowerbulbs.com\\\/fr\\\/#\\\/schema\\\/logo\\\/image\\\/\"}}]}<\/script>\n<!-- \/ Yoast SEO plugin. -->","yoast_head_json":{"title":"Nous sommes vous experts en bulbes \u00e0 fleurs | Ruigrok Flowerbulbs","description":"Nous avons des racines profondes. Avec plus de 100 ans d'exp\u00e9rience dans la culture et la commercialisation de bulbes \u00e0 fleurs, nous sommes heureux de nous appeler experts en bulbes.","robots":{"index":"index","follow":"follow","max-snippet":"max-snippet:-1","max-image-preview":"max-image-preview:large","max-video-preview":"max-video-preview:-1"},"canonical":"https:\/\/ruigrokflowerbulbs.com\/fr\/a-propos-de-nous\/","og_locale":"fr_FR","og_type":"article","og_title":"Nous sommes vous experts en bulbes \u00e0 fleurs | Ruigrok Flowerbulbs","og_description":"Nous avons des racines profondes. Avec plus de 100 ans d'exp\u00e9rience dans la culture et la commercialisation de bulbes \u00e0 fleurs, nous sommes heureux de nous appeler experts en bulbes.","og_url":"https:\/\/ruigrokflowerbulbs.com\/fr\/a-propos-de-nous\/","og_site_name":"Ruigrok Flowerbulbs","article_modified_time":"2024-06-17T17:45:57+00:00","twitter_card":"summary_large_image","twitter_misc":{"Dur\u00e9e de lecture estim\u00e9e":"6 minutes"},"schema":{"@context":"https:\/\/schema.org","@graph":[{"@type":"WebPage","@id":"https:\/\/ruigrokflowerbulbs.com\/fr\/a-propos-de-nous\/","url":"https:\/\/ruigrokflowerbulbs.com\/fr\/a-propos-de-nous\/","name":"Nous sommes vous experts en bulbes \u00e0 fleurs | Ruigrok Flowerbulbs","isPartOf":{"@id":"https:\/\/ruigrokflowerbulbs.com\/fr\/#website"},"datePublished":"2016-02-09T14:46:43+00:00","dateModified":"2024-06-17T17:45:57+00:00","description":"Nous avons des racines profondes. Avec plus de 100 ans d'exp\u00e9rience dans la culture et la commercialisation de bulbes \u00e0 fleurs, nous sommes heureux de nous appeler experts en bulbes.","breadcrumb":{"@id":"https:\/\/ruigrokflowerbulbs.com\/fr\/a-propos-de-nous\/#breadcrumb"},"inLanguage":"fr-FR","potentialAction":[{"@type":"ReadAction","target":["https:\/\/ruigrokflowerbulbs.com\/fr\/a-propos-de-nous\/"]}]},{"@type":"BreadcrumbList","@id":"https:\/\/ruigrokflowerbulbs.com\/fr\/a-propos-de-nous\/#breadcrumb","itemListElement":[{"@type":"ListItem","position":1,"name":"Home","item":"https:\/\/ruigrokflowerbulbs.com\/fr\/"},{"@type":"ListItem","position":2,"name":"A propos"}]},{"@type":"WebSite","@id":"https:\/\/ruigrokflowerbulbs.com\/fr\/#website","url":"https:\/\/ruigrokflowerbulbs.com\/fr\/","name":"Ruigrok Flowerbulbs","description":"We are your expert for flower bulbs","publisher":{"@id":"https:\/\/ruigrokflowerbulbs.com\/fr\/#organization"},"potentialAction":[{"@type":"SearchAction","target":{"@type":"EntryPoint","urlTemplate":"https:\/\/ruigrokflowerbulbs.com\/fr\/?s={search_term_string}"},"query-input":{"@type":"PropertyValueSpecification","valueRequired":true,"valueName":"search_term_string"}}],"inLanguage":"fr-FR"},{"@type":"Organization","@id":"https:\/\/ruigrokflowerbulbs.com\/fr\/#organization","name":"Ruigrok Flowerbulbs","url":"https:\/\/ruigrokflowerbulbs.com\/fr\/","logo":{"@type":"ImageObject","inLanguage":"fr-FR","@id":"https:\/\/ruigrokflowerbulbs.com\/fr\/#\/schema\/logo\/image\/","url":"https:\/\/ruigrokflowerbulbs.com\/wp-content\/uploads\/2020\/04\/ruigrok-logo.png","contentUrl":"https:\/\/ruigrokflowerbulbs.com\/wp-content\/uploads\/2020\/04\/ruigrok-logo.png","width":164,"height":74,"caption":"Ruigrok Flowerbulbs"},"image":{"@id":"https:\/\/ruigrokflowerbulbs.com\/fr\/#\/schema\/logo\/image\/"}}]}},"_links":{"self":[{"href":"https:\/\/ruigrokflowerbulbs.com\/fr\/wp-json\/wp\/v2\/pages\/12056","targetHints":{"allow":["GET"]}}],"collection":[{"href":"https:\/\/ruigrokflowerbulbs.com\/fr\/wp-json\/wp\/v2\/pages"}],"about":[{"href":"https:\/\/ruigrokflowerbulbs.com\/fr\/wp-json\/wp\/v2\/types\/page"}],"author":[{"embeddable":true,"href":"https:\/\/ruigrokflowerbulbs.com\/fr\/wp-json\/wp\/v2\/users\/5530"}],"replies":[{"embeddable":true,"href":"https:\/\/ruigrokflowerbulbs.com\/fr\/wp-json\/wp\/v2\/comments?post=12056"}],"version-history":[{"count":3,"href":"https:\/\/ruigrokflowerbulbs.com\/fr\/wp-json\/wp\/v2\/pages\/12056\/revisions"}],"predecessor-version":[{"id":46379,"href":"https:\/\/ruigrokflowerbulbs.com\/fr\/wp-json\/wp\/v2\/pages\/12056\/revisions\/46379"}],"wp:attachment":[{"href":"https:\/\/ruigrokflowerbulbs.com\/fr\/wp-json\/wp\/v2\/media?parent=12056"}],"curies":[{"name":"wp","href":"https:\/\/api.w.org\/{rel}","templated":true}]}}