{"id":14216,"date":"2019-05-31T14:11:15","date_gmt":"2019-05-31T12:11:15","guid":{"rendered":"https:\/\/ruigrok.100test.nlparcourez-notre-catalogue\/catalogue-printemps\/"},"modified":"2026-03-05T17:46:14","modified_gmt":"2026-03-05T16:46:14","slug":"catalogue-printemps","status":"publish","type":"page","link":"https:\/\/ruigrokflowerbulbs.com\/fr\/parcourez-notre-catalogue\/catalogue-printemps\/","title":{"rendered":"Catalogue printemps"},"content":{"rendered":"<div class=\"wpb-content-wrapper\">[vc_section][vc_row][vc_column]<div class=\"vcex-spacing wpex-w-100 wpex-clear\" style=\"height:50px;\"><\/div>[\/vc_column][\/vc_row][vc_row][vc_column]<h2 class=\"vcex-heading vcex-heading-plain vcex-module wpex-heading wpex-text-2xl\"><span class=\"vcex-heading-inner wpex-inline-block\">D\u00e9couvrez notre <strong>catalogue printemps<\/strong><\/span><\/h2><div class=\"vcex-spacing wpex-w-100 wpex-clear\"><\/div>[vc_column_text css=\u00a0\u00bb\u00a0\u00bb]<strong>Nouveau pour 2026: plantes vivaces \u00e0 racines nues<br \/>\n<\/strong>Nous avons consid\u00e9rablement \u00e9largi notre assortiment 2026 de bulbes \u00e0 floraison estivale comme les dahlias, les cannas et les gla\u00efeuls pour les d\u00e9taillants, les paysagistes et les cultivateurs professionnels. Notre assortiment de printemps n&rsquo;est disponible que pour les clients des Etats-Unis et peut \u00eatre command\u00e9 aupr\u00e8s d&rsquo;ADR Bulbs \u00e0 Chester NY.<strong><br \/>\n<\/strong>[\/vc_column_text]<div class=\"vcex-spacing wpex-w-100 wpex-clear\"><\/div>[vc_row_inner content_placement=\u00a0\u00bbmiddle\u00a0\u00bb][vc_column_inner width=\u00a0\u00bb2\/3&Prime;]\t<div class=\"vcex-social-share vcex-module\">\n\t\t\t\t<div class=\"wpex-social-share style-flat position-horizontal wpex-mx-auto wpex-print-hidden\" data-target=\"_blank\" data-source=\"https%3A%2F%2Fruigrokflowerbulbs.com%2Ffr%2F\" data-url=\"https%3A%2F%2Fruigrokflowerbulbs.com%2Ffr%2Fparcourez-notre-catalogue%2Fcatalogue-printemps%2F\" data-title=\"Catalogue printemps\" data-summary=\"Nouveau%20pour%202026%3A%20plantes%20vivaces%20%C3%A0%20racines%20nues%20Nous%20avons%20consid%C3%A9rablement%20%C3%A9largi%20notre%20assortiment%202026%20de%20bulbes%20%C3%A0%20floraison%20estivale%20comme%20les%20dahlias%2C%20les%20cannas%20et%20les%20gla%C3%AFeuls%20pour%20les\" data-email-subject=\"I wanted you to see this link\" data-email-body=\"I wanted you to see this link https%3A%2F%2Fruigrokflowerbulbs.com%2Ffr%2Fparcourez-notre-catalogue%2Fcatalogue-printemps%2F\">\n\t\t\t\n\t<ul class=\"wpex-social-share__list wpex-m-0 wpex-p-0 wpex-list-none wpex-flex wpex-flex-wrap wpex-gap-5\">\t\t\t<li class=\"wpex-social-share__item wpex-m-0 wpex-p-0 wpex-inline-block\">\n\t\t\t\t\t\t\t\t\t<a href=\"#\" role=\"button\" class=\"wpex-social-share__link wpex-social-share__link--twitter wpex-twitter wpex-flex wpex-items-center wpex-justify-center wpex-no-underline wpex-gap-10 wpex-duration-150 wpex-transition-colors wpex-social-bg\" aria-label=\"Post on X\">\n\t\t\t\t<span class=\"wpex-social-share__icon\"><span class=\"wpex-icon\" aria-hidden=\"true\"><svg xmlns=\"http:\/\/www.w3.org\/2000\/svg\" viewBox=\"0 0 512 512\"><path d=\"M389.2 48h70.6L305.6 224.2 487 464H345L233.7 318.6 106.5 464H35.8L200.7 275.5 26.8 48H172.4L272.9 180.9 389.2 48zM364.4 421.8h39.1L151.1 88h-42L364.4 421.8z\"\/><\/svg><\/span><\/span>\t\t\t\t\t\t<span class=\"wpex-social-share__label wpex-label\">Twitter<\/span>\n\t\t\t\t\t\t\t\t\t<\/a>\n\t\t\t<\/li>\n\t\t\t\t\t<li class=\"wpex-social-share__item wpex-m-0 wpex-p-0 wpex-inline-block\">\n\t\t\t\t\t\t\t\t\t<a href=\"#\" role=\"button\" class=\"wpex-social-share__link wpex-social-share__link--facebook wpex-facebook wpex-flex wpex-items-center wpex-justify-center wpex-no-underline wpex-gap-10 wpex-duration-150 wpex-transition-colors wpex-social-bg\" aria-label=\"Share on Facebook\">\n\t\t\t\t<span class=\"wpex-social-share__icon\"><span class=\"wpex-icon\" aria-hidden=\"true\"><svg xmlns=\"http:\/\/www.w3.org\/2000\/svg\" viewBox=\"0 0 512 512\"><path d=\"M512 256C512 114.6 397.4 0 256 0S0 114.6 0 256C0 376 82.7 476.8 194.2 504.5V334.2H141.4V256h52.8V222.3c0-87.1 39.4-127.5 125-127.5c16.2 0 44.2 3.2 55.7 6.4V172c-6-.6-16.5-1-29.6-1c-42 0-58.2 15.9-58.2 57.2V256h83.6l-14.4 78.2H287V510.1C413.8 494.8 512 386.9 512 256h0z\"\/><\/svg><\/span><\/span>\t\t\t\t\t\t<span class=\"wpex-social-share__label wpex-label\">Facebook<\/span>\n\t\t\t\t\t\t\t\t\t<\/a>\n\t\t\t<\/li>\n\t\t\t\t\t<li class=\"wpex-social-share__item wpex-m-0 wpex-p-0 wpex-inline-block\">\n\t\t\t\t\t\t\t\t\t<a href=\"#\" role=\"button\" class=\"wpex-social-share__link wpex-social-share__link--linkedin wpex-linkedin wpex-flex wpex-items-center wpex-justify-center wpex-no-underline wpex-gap-10 wpex-duration-150 wpex-transition-colors wpex-social-bg\" aria-label=\"Share on LinkedIn\">\n\t\t\t\t<span class=\"wpex-social-share__icon\"><span class=\"wpex-icon\" aria-hidden=\"true\"><svg xmlns=\"http:\/\/www.w3.org\/2000\/svg\" viewBox=\"0 0 448 512\"><path d=\"M100.3 448H7.4V148.9h92.9zM53.8 108.1C24.1 108.1 0 83.5 0 53.8a53.8 53.8 0 0 1 107.6 0c0 29.7-24.1 54.3-53.8 54.3zM447.9 448h-92.7V302.4c0-34.7-.7-79.2-48.3-79.2-48.3 0-55.7 37.7-55.7 76.7V448h-92.8V148.9h89.1v40.8h1.3c12.4-23.5 42.7-48.3 87.9-48.3 94 0 111.3 61.9 111.3 142.3V448z\"\/><\/svg><\/span><\/span>\t\t\t\t\t\t<span class=\"wpex-social-share__label wpex-label\">LinkedIn<\/span>\n\t\t\t\t\t\t\t\t\t<\/a>\n\t\t\t<\/li>\n\t\t\t\t\t<li class=\"wpex-social-share__item wpex-m-0 wpex-p-0 wpex-inline-block\">\n\t\t\t\t\t\t\t\t\t<a href=\"#\" role=\"button\" class=\"wpex-social-share__link wpex-social-share__link--email wpex-email wpex-flex wpex-items-center wpex-justify-center wpex-no-underline wpex-gap-10 wpex-duration-150 wpex-transition-colors wpex-social-bg\" aria-label=\"Share via Email\">\n\t\t\t\t<span class=\"wpex-social-share__icon\"><span class=\"wpex-icon\" aria-hidden=\"true\"><svg xmlns=\"http:\/\/www.w3.org\/2000\/svg\" viewBox=\"0 0 512 512\"><path d=\"M48 64C21.5 64 0 85.5 0 112c0 15.1 7.1 29.3 19.2 38.4L236.8 313.6c11.4 8.5 27 8.5 38.4 0L492.8 150.4c12.1-9.1 19.2-23.3 19.2-38.4c0-26.5-21.5-48-48-48H48zM0 176V384c0 35.3 28.7 64 64 64H448c35.3 0 64-28.7 64-64V176L294.4 339.2c-22.8 17.1-54 17.1-76.8 0L0 176z\"\/><\/svg><\/span><\/span>\t\t\t\t\t\t<span class=\"wpex-social-share__label wpex-label\">Email<\/span>\n\t\t\t\t\t\t\t\t\t<\/a>\n\t\t\t<\/li>\n\t\t<\/ul>\n\t\t\t<\/div>\n\t\t\t<\/div>\n[\/vc_column_inner][vc_column_inner width=\u00a0\u00bb1\/3&Prime;]<div class=\"theme-button-wrap theme-button-block-wrap wpex-block wpex-clear wpex-clr\"><a href=\"https:\/\/www.adrbulbs.com\/\" class=\"vcex-button theme-button align-right block\" target=\"_blank\" rel=\"noopener noreferrer\"><span class=\"vcex-button-inner theme-button-inner wpex-flex wpex-flex-wrap wpex-items-center wpex-justify-center\">COMMANDER EN LIGNE CHEZ<br \/>\nADR BULBS<\/span><\/a><\/div> [\/vc_column_inner][\/vc_row_inner]<div class=\"vcex-spacing wpex-w-100 wpex-clear\" style=\"height:60px;\"><\/div>[vc_raw_js]JTNDaWZyYW1lJTIwc3R5bGUlM0QlMjJib3JkZXIlM0ElMjAxcHglMjBzb2xpZCUyMCUyMzc3NyUzQiUyMiUyMHNyYyUzRCUyMmh0dHBzJTNBJTJGJTJGaW5kZC5hZG9iZS5jb20lMkZ2aWV3JTJGMjYzMWYzNzctMzYxYy00NmM4LTkwMmQtYWE3NTgzZTg0YzdhJTNGc3RhcnRwYWdlJTNEMSUyNmFsbG93RnVsbHNjcmVlbiUzRHRydWUlMjIlMjB3aWR0aCUzRCUyMjEwMCUyNSUyMiUyMGhlaWdodCUzRCUyMjYzN3B4JTIyJTIwZnJhbWVib3JkZXIlM0QlMjIwJTIyJTIwYWxsb3dmdWxsc2NyZWVuJTNEJTIyJTIyJTNFJTNDJTJGaWZyYW1lJTNF[\/vc_raw_js][\/vc_column][\/vc_row][\/vc_section][vc_section local_scroll_id=\u00a0\u00bbcatalog\u00a0\u00bb][vc_row][vc_column]<div class=\"vcex-spacing wpex-w-100 wpex-clear\" style=\"height:50px;\"><\/div>[\/vc_column][\/vc_row][vc_row][vc_column width=\u00a0\u00bb1\/2&Prime;]<h2 class=\"vcex-heading vcex-heading-plain vcex-module wpex-heading wpex-text-2xl\"><span class=\"vcex-heading-inner wpex-inline-block\">Voir plus <strong>de catalogues<\/strong><\/span><\/h2>[\/vc_column][vc_column width=\u00a0\u00bb1\/2&Prime;][\/vc_column][\/vc_row][vc_row][vc_column width=\u00a0\u00bb1\/2&Prime;][vc_raw_js]JTNDaWZyYW1lJTIwc3R5bGUlM0QlMjJib3JkZXIlM0ElMjAxcHglMjBzb2xpZCUyMCUyMzc3NyUzQiUyMiUyMHNyYyUzRCUyMmh0dHBzJTNBJTJGJTJGaW5kZC5hZG9iZS5jb20lMkZlbWJlZCUyRjNjMmE3Y2IzLTVmZjYtNDY4MC1iNTk1LWM4NGIzOGU2YjIzZSUzRnN0YXJ0cGFnZSUzRDElMjZhbGxvd0Z1bGxzY3JlZW4lM0R0cnVlJTIyJTIwd2lkdGglM0QlMjIxMDAlMjUlMjIlMjBoZWlnaHQlM0QlMjIzMjZweCUyMiUyMGZyYW1lYm9yZGVyJTNEJTIyMCUyMiUyMGFsbG93ZnVsbHNjcmVlbiUzRCUyMiUyMiUzRSUzQyUyRmlmcmFtZSUzRQ==[\/vc_raw_js][\/vc_column][vc_column width=\u00a0\u00bb1\/2&Prime;][vc_raw_js]JTNDaWZyYW1lJTIwc3R5bGUlM0QlMjJib3JkZXIlM0ElMjAxcHglMjBzb2xpZCUyMCUyMzc3NyUzQiUyMiUyMHNyYyUzRCUyMmh0dHBzJTNBJTJGJTJGaW5kZC5hZG9iZS5jb20lMkZlbWJlZCUyRjA3NzEzOTZlLWIyMmItNGNiNy1iMWFmLTRiMjkxNWJhZmMwMiUzRnN0YXJ0cGFnZSUzRDElMjZhbGxvd0Z1bGxzY3JlZW4lM0R0cnUlMjIlMjB3aWR0aCUzRCUyMjEwMCUyNSUyMiUyMGhlaWdodCUzRCUyMjMyNnB4JTIyJTIwZnJhbWVib3JkZXIlM0QlMjIwJTIyJTIwYWxsb3dmdWxsc2NyZWVuJTNEJTIyJTIyJTNFJTNDJTJGaWZyYW1lJTNF[\/vc_raw_js][\/vc_column][\/vc_row][\/vc_section][vc_row][vc_column]<div class=\"vcex-spacing wpex-w-100 wpex-clear\"><\/div>[\/vc_column][\/vc_row]\n<\/div>","protected":false},"excerpt":{"rendered":"<p>[vc_section][vc_row][vc_column][\/vc_column][\/vc_row][vc_row][vc_column][vc_column_text css=\u00a0\u00bb\u00a0\u00bb]Nouveau pour 2026: plantes vivaces \u00e0 racines nues Nous avons consid\u00e9rablement \u00e9largi notre assortiment 2026 de bulbes \u00e0 floraison estivale comme les dahlias, les cannas et les gla\u00efeuls pour les d\u00e9taillants, les paysagistes et les cultivateurs professionnels. Notre assortiment de printemps n&rsquo;est disponible que pour les clients des Etats-Unis et peut \u00eatre command\u00e9 aupr\u00e8s&hellip;<\/p>\n","protected":false},"author":5530,"featured_media":0,"parent":11302,"menu_order":0,"comment_status":"closed","ping_status":"closed","template":"","meta":{"_acf_changed":false,"inline_featured_image":false,"footnotes":""},"class_list":["post-14216","page","type-page","status-publish","hentry","entry","no-media"],"acf":[],"yoast_head":"<!-- This site is optimized with the Yoast SEO plugin v27.2 - https:\/\/yoast.com\/product\/yoast-seo-wordpress\/ -->\n<title>D\u00e9couvrez notre catalogue | Ruigrok Flowerbulbs<\/title>\n<meta name=\"description\" content=\"Dans notre catalogue, nous sommes fiers de vous pr\u00e9senter non seulement nos beaux bulbes \u00e0 fleurs, mais aussi les personnes derri\u00e8re nos produits.\" \/>\n<meta name=\"robots\" content=\"index, follow, max-snippet:-1, max-image-preview:large, max-video-preview:-1\" \/>\n<link rel=\"canonical\" href=\"https:\/\/ruigrokflowerbulbs.com\/fr\/parcourez-notre-catalogue\/catalogue-printemps\/\" \/>\n<meta property=\"og:locale\" content=\"fr_FR\" \/>\n<meta property=\"og:type\" content=\"article\" \/>\n<meta property=\"og:title\" content=\"D\u00e9couvrez notre catalogue | Ruigrok Flowerbulbs\" \/>\n<meta property=\"og:description\" content=\"Dans notre catalogue, nous sommes fiers de vous pr\u00e9senter non seulement nos beaux bulbes \u00e0 fleurs, mais aussi les personnes derri\u00e8re nos produits.\" \/>\n<meta property=\"og:url\" content=\"https:\/\/ruigrokflowerbulbs.com\/fr\/parcourez-notre-catalogue\/catalogue-printemps\/\" \/>\n<meta property=\"og:site_name\" content=\"Ruigrok Flowerbulbs\" \/>\n<meta property=\"article:modified_time\" content=\"2026-03-05T16:46:14+00:00\" \/>\n<meta name=\"twitter:card\" content=\"summary_large_image\" \/>\n<meta name=\"twitter:label1\" content=\"Dur\u00e9e de lecture estim\u00e9e\" \/>\n\t<meta name=\"twitter:data1\" content=\"1 minute\" \/>\n<script type=\"application\/ld+json\" class=\"yoast-schema-graph\">{\"@context\":\"https:\/\/schema.org\",\"@graph\":[{\"@type\":\"WebPage\",\"@id\":\"https:\/\/ruigrokflowerbulbs.com\/fr\/parcourez-notre-catalogue\/catalogue-printemps\/\",\"url\":\"https:\/\/ruigrokflowerbulbs.com\/fr\/parcourez-notre-catalogue\/catalogue-printemps\/\",\"name\":\"D\u00e9couvrez notre catalogue | Ruigrok Flowerbulbs\",\"isPartOf\":{\"@id\":\"https:\/\/ruigrokflowerbulbs.com\/fr\/#website\"},\"datePublished\":\"2019-05-31T12:11:15+00:00\",\"dateModified\":\"2026-03-05T16:46:14+00:00\",\"description\":\"Dans notre catalogue, nous sommes fiers de vous pr\u00e9senter non seulement nos beaux bulbes \u00e0 fleurs, mais aussi les personnes derri\u00e8re nos produits.\",\"breadcrumb\":{\"@id\":\"https:\/\/ruigrokflowerbulbs.com\/fr\/parcourez-notre-catalogue\/catalogue-printemps\/#breadcrumb\"},\"inLanguage\":\"fr-FR\",\"potentialAction\":[{\"@type\":\"ReadAction\",\"target\":[\"https:\/\/ruigrokflowerbulbs.com\/fr\/parcourez-notre-catalogue\/catalogue-printemps\/\"]}]},{\"@type\":\"BreadcrumbList\",\"@id\":\"https:\/\/ruigrokflowerbulbs.com\/fr\/parcourez-notre-catalogue\/catalogue-printemps\/#breadcrumb\",\"itemListElement\":[{\"@type\":\"ListItem\",\"position\":1,\"name\":\"Home\",\"item\":\"https:\/\/ruigrokflowerbulbs.com\/fr\/\"},{\"@type\":\"ListItem\",\"position\":2,\"name\":\"Catalogues\",\"item\":\"https:\/\/ruigrokflowerbulbs.com\/fr\/parcourez-notre-catalogue\/\"},{\"@type\":\"ListItem\",\"position\":3,\"name\":\"Catalogue printemps\"}]},{\"@type\":\"WebSite\",\"@id\":\"https:\/\/ruigrokflowerbulbs.com\/fr\/#website\",\"url\":\"https:\/\/ruigrokflowerbulbs.com\/fr\/\",\"name\":\"Ruigrok Flowerbulbs\",\"description\":\"We are your expert for flower bulbs\",\"publisher\":{\"@id\":\"https:\/\/ruigrokflowerbulbs.com\/fr\/#organization\"},\"potentialAction\":[{\"@type\":\"SearchAction\",\"target\":{\"@type\":\"EntryPoint\",\"urlTemplate\":\"https:\/\/ruigrokflowerbulbs.com\/fr\/?s={search_term_string}\"},\"query-input\":{\"@type\":\"PropertyValueSpecification\",\"valueRequired\":true,\"valueName\":\"search_term_string\"}}],\"inLanguage\":\"fr-FR\"},{\"@type\":\"Organization\",\"@id\":\"https:\/\/ruigrokflowerbulbs.com\/fr\/#organization\",\"name\":\"Ruigrok Flowerbulbs\",\"url\":\"https:\/\/ruigrokflowerbulbs.com\/fr\/\",\"logo\":{\"@type\":\"ImageObject\",\"inLanguage\":\"fr-FR\",\"@id\":\"https:\/\/ruigrokflowerbulbs.com\/fr\/#\/schema\/logo\/image\/\",\"url\":\"https:\/\/ruigrokflowerbulbs.com\/wp-content\/uploads\/2020\/04\/ruigrok-logo.png\",\"contentUrl\":\"https:\/\/ruigrokflowerbulbs.com\/wp-content\/uploads\/2020\/04\/ruigrok-logo.png\",\"width\":164,\"height\":74,\"caption\":\"Ruigrok Flowerbulbs\"},\"image\":{\"@id\":\"https:\/\/ruigrokflowerbulbs.com\/fr\/#\/schema\/logo\/image\/\"}}]}<\/script>\n<!-- \/ Yoast SEO plugin. -->","yoast_head_json":{"title":"D\u00e9couvrez notre catalogue | Ruigrok Flowerbulbs","description":"Dans notre catalogue, nous sommes fiers de vous pr\u00e9senter non seulement nos beaux bulbes \u00e0 fleurs, mais aussi les personnes derri\u00e8re nos produits.","robots":{"index":"index","follow":"follow","max-snippet":"max-snippet:-1","max-image-preview":"max-image-preview:large","max-video-preview":"max-video-preview:-1"},"canonical":"https:\/\/ruigrokflowerbulbs.com\/fr\/parcourez-notre-catalogue\/catalogue-printemps\/","og_locale":"fr_FR","og_type":"article","og_title":"D\u00e9couvrez notre catalogue | Ruigrok Flowerbulbs","og_description":"Dans notre catalogue, nous sommes fiers de vous pr\u00e9senter non seulement nos beaux bulbes \u00e0 fleurs, mais aussi les personnes derri\u00e8re nos produits.","og_url":"https:\/\/ruigrokflowerbulbs.com\/fr\/parcourez-notre-catalogue\/catalogue-printemps\/","og_site_name":"Ruigrok Flowerbulbs","article_modified_time":"2026-03-05T16:46:14+00:00","twitter_card":"summary_large_image","twitter_misc":{"Dur\u00e9e de lecture estim\u00e9e":"1 minute"},"schema":{"@context":"https:\/\/schema.org","@graph":[{"@type":"WebPage","@id":"https:\/\/ruigrokflowerbulbs.com\/fr\/parcourez-notre-catalogue\/catalogue-printemps\/","url":"https:\/\/ruigrokflowerbulbs.com\/fr\/parcourez-notre-catalogue\/catalogue-printemps\/","name":"D\u00e9couvrez notre catalogue | Ruigrok Flowerbulbs","isPartOf":{"@id":"https:\/\/ruigrokflowerbulbs.com\/fr\/#website"},"datePublished":"2019-05-31T12:11:15+00:00","dateModified":"2026-03-05T16:46:14+00:00","description":"Dans notre catalogue, nous sommes fiers de vous pr\u00e9senter non seulement nos beaux bulbes \u00e0 fleurs, mais aussi les personnes derri\u00e8re nos produits.","breadcrumb":{"@id":"https:\/\/ruigrokflowerbulbs.com\/fr\/parcourez-notre-catalogue\/catalogue-printemps\/#breadcrumb"},"inLanguage":"fr-FR","potentialAction":[{"@type":"ReadAction","target":["https:\/\/ruigrokflowerbulbs.com\/fr\/parcourez-notre-catalogue\/catalogue-printemps\/"]}]},{"@type":"BreadcrumbList","@id":"https:\/\/ruigrokflowerbulbs.com\/fr\/parcourez-notre-catalogue\/catalogue-printemps\/#breadcrumb","itemListElement":[{"@type":"ListItem","position":1,"name":"Home","item":"https:\/\/ruigrokflowerbulbs.com\/fr\/"},{"@type":"ListItem","position":2,"name":"Catalogues","item":"https:\/\/ruigrokflowerbulbs.com\/fr\/parcourez-notre-catalogue\/"},{"@type":"ListItem","position":3,"name":"Catalogue printemps"}]},{"@type":"WebSite","@id":"https:\/\/ruigrokflowerbulbs.com\/fr\/#website","url":"https:\/\/ruigrokflowerbulbs.com\/fr\/","name":"Ruigrok Flowerbulbs","description":"We are your expert for flower bulbs","publisher":{"@id":"https:\/\/ruigrokflowerbulbs.com\/fr\/#organization"},"potentialAction":[{"@type":"SearchAction","target":{"@type":"EntryPoint","urlTemplate":"https:\/\/ruigrokflowerbulbs.com\/fr\/?s={search_term_string}"},"query-input":{"@type":"PropertyValueSpecification","valueRequired":true,"valueName":"search_term_string"}}],"inLanguage":"fr-FR"},{"@type":"Organization","@id":"https:\/\/ruigrokflowerbulbs.com\/fr\/#organization","name":"Ruigrok Flowerbulbs","url":"https:\/\/ruigrokflowerbulbs.com\/fr\/","logo":{"@type":"ImageObject","inLanguage":"fr-FR","@id":"https:\/\/ruigrokflowerbulbs.com\/fr\/#\/schema\/logo\/image\/","url":"https:\/\/ruigrokflowerbulbs.com\/wp-content\/uploads\/2020\/04\/ruigrok-logo.png","contentUrl":"https:\/\/ruigrokflowerbulbs.com\/wp-content\/uploads\/2020\/04\/ruigrok-logo.png","width":164,"height":74,"caption":"Ruigrok Flowerbulbs"},"image":{"@id":"https:\/\/ruigrokflowerbulbs.com\/fr\/#\/schema\/logo\/image\/"}}]}},"_links":{"self":[{"href":"https:\/\/ruigrokflowerbulbs.com\/fr\/wp-json\/wp\/v2\/pages\/14216","targetHints":{"allow":["GET"]}}],"collection":[{"href":"https:\/\/ruigrokflowerbulbs.com\/fr\/wp-json\/wp\/v2\/pages"}],"about":[{"href":"https:\/\/ruigrokflowerbulbs.com\/fr\/wp-json\/wp\/v2\/types\/page"}],"author":[{"embeddable":true,"href":"https:\/\/ruigrokflowerbulbs.com\/fr\/wp-json\/wp\/v2\/users\/5530"}],"replies":[{"embeddable":true,"href":"https:\/\/ruigrokflowerbulbs.com\/fr\/wp-json\/wp\/v2\/comments?post=14216"}],"version-history":[{"count":8,"href":"https:\/\/ruigrokflowerbulbs.com\/fr\/wp-json\/wp\/v2\/pages\/14216\/revisions"}],"predecessor-version":[{"id":46680,"href":"https:\/\/ruigrokflowerbulbs.com\/fr\/wp-json\/wp\/v2\/pages\/14216\/revisions\/46680"}],"up":[{"embeddable":true,"href":"https:\/\/ruigrokflowerbulbs.com\/fr\/wp-json\/wp\/v2\/pages\/11302"}],"wp:attachment":[{"href":"https:\/\/ruigrokflowerbulbs.com\/fr\/wp-json\/wp\/v2\/media?parent=14216"}],"curies":[{"name":"wp","href":"https:\/\/api.w.org\/{rel}","templated":true}]}}